{"id":340539,"date":"2025-02-19T13:04:04","date_gmt":"2025-02-19T13:04:04","guid":{"rendered":"https:\/\/minddbe.mindd.dev\/english\/?page_id=340539"},"modified":"2025-03-19T16:39:11","modified_gmt":"2025-03-19T16:39:11","slug":"was-ist-muss-ich-zum-arzt-gehen","status":"publish","type":"page","link":"https:\/\/moetiknaardedokter.be\/de\/was-ist-muss-ich-zum-arzt-gehen\/","title":{"rendered":"Was ist Muss ich zum Arzt gehen?"},"content":{"rendered":"\n<div class=\"wp-block-group has-global-padding is-layout-constrained wp-block-group-is-layout-constrained\"><h1 class=\"has-text-align-center has-link-color alignwide wp-elements-7c86187bfe1c71d5e97aa1e9fc0c8fdf wp-block-post-title has-text-color has-color-brand-dark-blue-500-color\">Was ist Muss ich zum Arzt gehen?<\/h1>\n\n\n<p class=\"has-text-align-left has-intro-font-size\" style=\"line-height:1.52\"><em>Muss ich zum Arzt gehen?<\/em>&nbsp;kann anhand Ihres Alters, Geschlechts und Ihrer Symptome bestimmen, ob und wenn ja, wann Sie den Arzt aufsuchen sollten. Einfach, sicher und schnell.<\/p>\n<\/div>\n\n\n\n<div class=\"wp-block-group has-global-padding is-layout-constrained wp-container-core-group-is-layout-12243e0f wp-block-group-is-layout-constrained\">\n<div class=\"wp-block-group alignfull has-global-padding is-layout-constrained wp-block-group-is-layout-constrained\">\n<div class=\"wp-block-group alignwide is-layout-flow wp-block-group-is-layout-flow\">\n<h2 class=\"wp-block-heading\">Wie zuverl\u00e4ssig sind die Informationen?<\/h2>\n\n\n\n<p>Die Fragen und Ratschl\u00e4ge von&nbsp;<em>Muss ich zum Arzt gehen?<\/em>&nbsp;Basieren auf den geltenden medizinischen Standards und Protokollen. Alle Fragen und Ratschl\u00e4ge werden von unserem Team von Triage-Spezialisten sorgf\u00e4ltig zusammengestellt. Dar\u00fcber hinaus ist&nbsp;<em>Muss ich zum Arzt gehen?<\/em>&nbsp;die erste medizinische App in den Niederlanden, die eine sogenannte CE-Kennzeichnung erhalten hat. Eine CE-Kennzeichnung zeigt an, dass das Produkt allen europ\u00e4ischen (Sicherheits-)Vorschriften entspricht und dass die Konformit\u00e4ts- und \u00dcbereinstimmungsverfahren abgeschlossen wurden.<\/p>\n\n\n\n<h3 class=\"wp-block-heading\">Was ist das Ziel?<\/h3>\n\n\n\n<p><em>Muss ich zum Arzt gehen?<\/em>&nbsp;hilft Menschen, Verantwortung f\u00fcr ihre eigene Gesundheit zu \u00fcbernehmen. Mehr als 42 % der Menschen, die einen Arzt aufsuchen, m\u00fcssen diesen eigentlich gar nicht aufsuchen. Mithilfe von&nbsp;<em>Muss ich zum Arzt gehen?<\/em>&nbsp;K\u00f6nnen wir einen Teil dieser Menschen beruhigen und zuverl\u00e4ssig beraten. Dadurch helfen wir, die Arbeitsbelastung im Gesundheitswesen zu reduzieren und Kosten zu sparen. Die richtige Behandlung am richtigen Ort (JZOJP).<\/p>\n\n\n\n<h2 class=\"wp-block-heading\">Was tun wir f\u00fcr Haus\u00e4rzte?<\/h2>\n\n\n\n<p>Ambulante Notfallzentren und Hausarztpraxen verwenden&nbsp;<em>Muss ich zum Arzt gehen?<\/em>&nbsp;um die Arbeitsbelastung zu reduzieren. Dies geschieht beispielsweise, indem sie unsere digitale Selbsteinsch\u00e4tzung auf ihrer Website anbieten oder in ihrer regionalen Hausarzt-App zur Verf\u00fcgung stellen. Patienten werden ermutigt, die Fragen selbst digital durchzugehen, bevor sie anrufen. Das spart Arbeitsbelastung am Telefon und bietet neue M\u00f6glichkeiten f\u00fcr effiziente Arbeitspatientenstr\u00f6me innerhalb der prim\u00e4ren Gesundheitsf\u00fcrsorge.<\/p>\n<\/div>\n<\/div>\n<\/div>\n","protected":false},"excerpt":{"rendered":"<p>Muss ich zum Arzt gehen?&nbsp;kann anhand Ihres Alters, Geschlechts und Ihrer Symptome bestimmen, ob und wenn ja, wann Sie den Arzt aufsuchen sollten. Einfach, sicher und schnell. Wie zuverl\u00e4ssig sind die Informationen? Die Fragen und Ratschl\u00e4ge von&nbsp;Muss ich zum Arzt gehen?&nbsp;Basieren auf den geltenden medizinischen Standards und Protokollen. Alle Fragen und Ratschl\u00e4ge werden von unserem [&hellip;]<\/p>\n","protected":false},"author":1,"featured_media":0,"parent":0,"menu_order":0,"comment_status":"closed","ping_status":"closed","template":"wp-custom-template-page-patient","meta":{"_acf_changed":false,"_trash_the_other_posts":false,"editor_notices":[],"footnotes":""},"class_list":["post-340539","page","type-page","status-publish","hentry"],"acf":[],"mb":[],"mfb_rest_fields":["title"],"_links":{"self":[{"href":"https:\/\/moetiknaardedokter.be\/de\/wp-json\/wp\/v2\/pages\/340539","targetHints":{"allow":["GET"]}}],"collection":[{"href":"https:\/\/moetiknaardedokter.be\/de\/wp-json\/wp\/v2\/pages"}],"about":[{"href":"https:\/\/moetiknaardedokter.be\/de\/wp-json\/wp\/v2\/types\/page"}],"author":[{"embeddable":true,"href":"https:\/\/moetiknaardedokter.be\/de\/wp-json\/wp\/v2\/users\/1"}],"replies":[{"embeddable":true,"href":"https:\/\/moetiknaardedokter.be\/de\/wp-json\/wp\/v2\/comments?post=340539"}],"version-history":[{"count":5,"href":"https:\/\/moetiknaardedokter.be\/de\/wp-json\/wp\/v2\/pages\/340539\/revisions"}],"predecessor-version":[{"id":340651,"href":"https:\/\/moetiknaardedokter.be\/de\/wp-json\/wp\/v2\/pages\/340539\/revisions\/340651"}],"wp:attachment":[{"href":"https:\/\/moetiknaardedokter.be\/de\/wp-json\/wp\/v2\/media?parent=340539"}],"curies":[{"name":"wp","href":"https:\/\/api.w.org\/{rel}","templated":true}]}}