{"id":340582,"date":"2025-02-19T14:17:32","date_gmt":"2025-02-19T14:17:32","guid":{"rendered":"https:\/\/minddbe.mindd.dev\/english\/?page_id=340582"},"modified":"2025-03-20T09:38:21","modified_gmt":"2025-03-20T09:38:21","slug":"nutzungsbedingungen","status":"publish","type":"page","link":"https:\/\/moetiknaardedokter.be\/de\/nutzungsbedingungen\/","title":{"rendered":"Nutzungsbedingungen"},"content":{"rendered":"\n<div class=\"wp-block-group has-global-padding is-layout-constrained wp-block-group-is-layout-constrained\"><h1 class=\"has-text-align-center has-link-color alignwide wp-elements-7c86187bfe1c71d5e97aa1e9fc0c8fdf wp-block-post-title has-text-color has-color-brand-dark-blue-500-color\">Nutzungsbedingungen<\/h1><\/div>\n\n\n\n<div class=\"wp-block-group has-global-padding is-layout-constrained wp-container-core-group-is-layout-12243e0f wp-block-group-is-layout-constrained\">\n<div class=\"wp-block-group has-global-padding is-layout-constrained wp-block-group-is-layout-constrained\">\n<div class=\"wp-block-group alignwide has-global-padding is-content-justification-left is-layout-constrained wp-container-core-group-is-layout-12dd3699 wp-block-group-is-layout-constrained\">\n<p><em>Diese Nutzungsbedingungen wurden zuletzt am 03.06.2020 ge\u00e4ndert.<\/em><\/p>\n\n\n\n<p>F\u00fcr weitere Informationen \u00fcber unsere Einhaltung der Medical Device Regulation (MDR) und relevante Zertifizierungen verweisen wir Sie auf das <a href=\"#mdrlabel\">MDR-Label am unteren Ende dieser Seite<\/a>.<\/p>\n\n\n\n<p>\u201eMuss ich zum Arzt gehen?\u201d ist f\u00fcr die folgenden F\u00e4lle vorgesehen: Jeder zweifelt daran, ob ein Arztbesuch notwendig ist. Oft beschlie\u00dfen die Leute, auf Nummer sicher zu gehen und rufen an oder gehen trotzdem hin. Mit Hilfe von \u201eMuss ich zum Arzt gehen?\u201d k\u00f6nnen die Menschen selbst beurteilen, ob und wann es notwendig ist, einen Allgemeinmediziner aufzusuchen. \u201eMuss ich zum Arzt gehen?\u201d gibt an, was Sie selbst tun k\u00f6nnen, um die Symptome zu lindern, und in welchen F\u00e4llen Sie dennoch einen Arzt aufsuchen sollten. Die auf der Grundlage der von Ihnen bereitgestellten Informationen erstellte Beratung ersetzt nicht die pers\u00f6nliche Triage durch den Hausarzt oder die Arzthelferin. Im Zweifelsfall sollten Sie immer Ihren Arzt anrufen. Bei der Verwendung von \u201eMuss ich zum Arzt gehen?\u201d gelten die folgenden Bedingungen. Wenn Sie Fragen zur Verwendung von \u201eMuss ich zum Arzt gehen?\u201d oder diesen Nutzungsbedingungen haben, wenden Sie sich bitte an MINDD. Unsere Kontaktdaten finden Sie am Ende dieser Nutzungsbedingungen. Sie k\u00f6nnen uns auch \u00fcber das Kontaktformular unter \u201eKontakt\u201d auf der Website oder \u00fcber die Schaltfl\u00e4che \u201eMelden Sie es uns\u201d in der App unter dem Reiter \u201eInformation\u201d kontaktieren. Bitte beachten Sie, wenn Sie Fragen zum Ergebnis der Triage \u00fcber \u201eMuss ich zum Arzt gehen?\u201d haben, oder ob Sie einen Arzt aufsuchen m\u00fcssen, m\u00fcssen Sie sich an Ihren Hausarzt oder die Hausarztpraxis wenden.<\/p>\n\n\n\n<h2 class=\"wp-block-heading\">1. DEFINITIONEN<\/h2>\n\n\n\n<ol class=\"wp-block-list\">\n<li>Die in den Nutzungsbedingungen verwendeten Begriffe in Gro\u00dfbuchstaben haben die folgende Bedeutung:<\/li>\n\n\n\n<li>App: die Anwendung \u201eMuss ich zum Arzt gehen?\u201d , die Sie auf Ihrem Mobilger\u00e4t mit iOS- oder Android-Betriebssystem verwenden k\u00f6nnen.<\/li>\n\n\n\n<li>Daten: alle von Ihnen auf den Systemen, die zur Bereitstellung des Dienstes verwendet werden, gespeicherten Daten oder von Ihnen durch den Dienst erzeugte Ergebnisse.<\/li>\n\n\n\n<li>Dienstleistung(en): die Dienstleistung \u201eMuss ich zum Arzt gehen?\u201d MINDD bietet in Ihrem Namen Unterst\u00fctzung bei der Entscheidung an, ob jemand einen Arzt aufsuchen sollte oder ob jemand bereits etwas gegen die Symptome tun kann. Auf die Dienstleistung kann \u00fcber die App oder die Website zugegriffen werden.<\/li>\n\n\n\n<li>Sie: Sie, eine nat\u00fcrliche oder juristische Person, unabh\u00e4ngig davon, ob Sie im Rahmen einer beruflichen oder gewerblichen T\u00e4tigkeit handeln, und die Person, die die App nutzt.<\/li>\n\n\n\n<li>Nutzungsbedingungen: diese Bedingungen.<\/li>\n\n\n\n<li>Rechte an geistigem Eigentum: die Rechte (an geistigem Eigentum) einschlie\u00dflich, aber nicht beschr\u00e4nkt auf Urheberrechte, Datenbankrechte, Dom\u00e4nennamen, Handelsnamenrechte, Markenrechte, Geschmacksmusterrechte, verwandte Schutzrechte, Patentrechte sowie Rechte an Know-how.<\/li>\n\n\n\n<li>Partei(en): MINDD und Sie zusammen oder getrennt.<\/li>\n\n\n\n<li>Schriftlich: Schriftlich in den Nutzungsbedingungen schlie\u00dft die Kommunikation per E-Mail ein, sofern die Identit\u00e4t des Absenders und die Integrit\u00e4t der Nachricht hinreichend gesichert sind.<\/li>\n\n\n\n<li>Website: die Website von MINDD, die \u00fcber www.moetiknaardedokter.be oder zugeh\u00f6rige Subdomains zug\u00e4nglich ist.<\/li>\n<\/ol>\n\n\n\n<h2 class=\"wp-block-heading\">2. FESTLEGUNG UND ANWENDBARKEIT<\/h2>\n\n\n\n<ol class=\"wp-block-list\">\n<li>Durch die Nutzung der Dienstleistung gehen Sie einen Vertrag mit MINDD ein.<\/li>\n\n\n\n<li>Die Nutzungsbedingungen gelten f\u00fcr diese Vereinbarung und f\u00fcr jede Nutzung der Dienstleistung. Die Nutzungsbedingungen sind ein integraler Bestandteil des Vertrags.<\/li>\n\n\n\n<li>Die Nutzungsbedingungen treten mit der Nutzung der Dienstleistung in Kraft und bleiben f\u00fcr die Dauer des Vertrags in Kraft.<\/li>\n<\/ol>\n\n\n\n<h2 class=\"wp-block-heading\">3. NUTZUNGSRECHT<\/h2>\n\n\n\n<ol class=\"wp-block-list\">\n<li>MINDD gew\u00e4hrt Ihnen hiermit ein pers\u00f6nliches, widerrufliches, nicht ausschlie\u00dfliches, nicht \u00fcbertragbares und nicht unterlizenzierbares Nutzungsrecht f\u00fcr die Dauer der Vereinbarung zur Nutzung des Dienstes in \u00dcbereinstimmung mit den Nutzungsbedingungen.<\/li>\n\n\n\n<li>Sie sind nicht berechtigt, auf die Quelldateien der App zuzugreifen, es sei denn, dies ist gesetzlich vorgeschrieben. Es ist ausdr\u00fccklich untersagt, diese Quelldateien durch Reverse Engineering, Dekompilierung oder auf andere Weise abzurufen.<\/li>\n\n\n\n<li>Ziel des Dienstes ist es, eine Dienstleistung im Zusammenhang mit der menschlichen Gesundheit zu erbringen, n\u00e4mlich die Entscheidung zu unterst\u00fctzen, ob eine Person einen Arzt aufsuchen sollte und ob eine Person bereits etwas gegen die Symptome tun kann.<\/li>\n\n\n\n<li>Zus\u00e4tzlich zu den aufgef\u00fchrten Bedingungen k\u00f6nnen Apples App Store und Googles Play Store Bedingungen f\u00fcr den Erhalt der App, ihre Nutzung und damit zusammenh\u00e4ngende Angelegenheiten auferlegen.<\/li>\n\n\n\n<li>Bitte beachten Sie die Nutzungsbedingungen und die Datenschutzerkl\u00e4rung von Apples App-Store, Google Play und die geltenden Bedingungen auf der Website des jeweiligen Anbieters.<\/li>\n<\/ol>\n\n\n\n<h2 class=\"wp-block-heading\">4. MISSBR\u00c4UCHLICHE NUTZUNG DES DIENSTES<\/h2>\n\n\n\n<ol class=\"wp-block-list\">\n<li>Es ist Ihnen untersagt, den Dienst zu nutzen, um gegen das Gesetz zu versto\u00dfen oder die Rechte anderer zu verletzen.<\/li>\n\n\n\n<li>Entsteht nach Ansicht von MINDD eine Behinderung, Besch\u00e4digung oder sonstige Gefahr f\u00fcr das Funktionieren des Dienstes und insbesondere der App, der Website oder damit verbundener Computersysteme oder -netze, insbesondere durch den \u00fcberm\u00e4\u00dfigen Versand von E-Mails oder anderen Daten, schlecht gesicherte Systeme oder Aktivit\u00e4ten von Viren, Trojanern oder \u00e4hnlicher Software, ist MINDD berechtigt, alle Ma\u00dfnahmen zu ergreifen, die sie nach billigem Ermessen f\u00fcr erforderlich h\u00e4lt, um diese Gefahr abzuwenden oder zu verhindern.<\/li>\n\n\n\n<li>MINDD ist berechtigt, in dem Ma\u00dfe, in dem MINDD dazu in der Lage ist, identifizierende Informationen \u00fcber Sie an Dritte weiterzugeben, die sich beschweren, dass Sie ihre Rechte oder diese Nutzungsbedingungen verletzt haben, vorausgesetzt, dass a. es hinreichend plausibel ist, dass die Zuwiderhandlung f\u00fcr sich genommen rechtswidrig ist und den Dritten sch\u00e4digt b. der Dritte hat ein echtes Interesse daran, die Daten zu erhalten c. es plausibel ist, dass es im konkreten Fall keine weniger einschneidende M\u00f6glichkeit gibt, die Daten abzurufen und d. die Interessenabw\u00e4gung ergibt, dass das Interesse des Dritten \u00fcberwiegen sollte.<\/li>\n<\/ol>\n\n\n\n<h2 class=\"wp-block-heading\">5. GEISTIGES EIGENTUM<\/h2>\n\n\n\n<ol class=\"wp-block-list\">\n<li>Alle Rechte an dem Dienst, der zugeh\u00f6rigen Software und allen Informationen, \u00c4nderungen, Verbesserungen und Grafiken sind und bleiben Eigentum von MINDD oder seinen Lizenzgebern. Es werden Ihnen nur die Nutzungsrechte und Befugnisse einger\u00e4umt, die sich aus dem Umfang der Nutzungsbedingungen ergeben oder die Ihnen schriftlich einger\u00e4umt werden, und ansonsten d\u00fcrfen Sie den Dienst nicht nutzen, vervielf\u00e4ltigen oder offenlegen.<\/li>\n\n\n\n<li>Daten, die Sie \u00fcber den Dienst speichern oder verarbeiten, sind und bleiben Ihr Eigentum. Die Kontrolle \u00fcber die Daten bleibt also jederzeit bei Ihnen. MINDD hat ein Nutzungsrecht an diesen Informationen f\u00fcr die Zwecke des Dienstes, einschlie\u00dflich zuk\u00fcnftiger Aspekte davon.<\/li>\n\n\n\n<li>Wenn Sie Informationen an MINDD senden, wie z.B. eine R\u00fcckmeldung \u00fcber einen Fehler oder einen Verbesserungsvorschlag, gew\u00e4hren Sie MINDD ein uneingeschr\u00e4nktes und unbefristetes Recht, diese Informationen zu nutzen. Dies gilt nicht f\u00fcr Informationen, deren vertrauliche Behandlung Sie ausdr\u00fccklich w\u00fcnschen.<\/li>\n<\/ol>\n\n\n\n<h2 class=\"wp-block-heading\">6. GEGENLEISTUNG<\/h2>\n\n\n\n<ol class=\"wp-block-list\">\n<li>F\u00fcr die Nutzung des Dienstes ist keine Geb\u00fchr an MINDD zu entrichten.<\/li>\n<\/ol>\n\n\n\n<h2 class=\"wp-block-heading\">7. DATENSCHUTZ UND MEDIZINISCHE DATEN<\/h2>\n\n\n\n<ol class=\"wp-block-list\">\n<li>Soweit MINDD bei der Erbringung seiner Dienstleistungen personenbezogene Daten verarbeitet, wird MINDD bei der Verarbeitung dieser Daten die Anforderungen des Datenschutzrechts ber\u00fccksichtigen. Informationen dar\u00fcber, wie MINDD mit Ihren pers\u00f6nlichen Daten umgeht, finden Sie in der Datenschutz- und Cookie-Erkl\u00e4rung, die Sie auf der Website finden k\u00f6nnen.<\/li>\n\n\n\n<li>Wenn Sie Feedback zum Dienst geben, sollten Sie keine medizinischen Informationen angeben. MINDD m\u00f6chte Ihre Privatsph\u00e4re so weit wie m\u00f6glich respektieren und so wenig personenbezogene Daten wie m\u00f6glich von Ihnen verarbeiten und keine medizinischen personenbezogenen Daten von Ihnen verarbeiten. Wenn Sie also Fragen zum Ergebnis der Triage durch den Dienst oder dazu haben, ob Sie einen Arzt aufsuchen m\u00fcssen, sollten Sie sich an Ihren Hausarzt oder die Arztpraxis wenden.<\/li>\n<\/ol>\n\n\n\n<h2 class=\"wp-block-heading\">8. VERF\u00dcGBARKEIT, WARTUNG UND AKTUALISIERUNG<\/h2>\n\n\n\n<ol class=\"wp-block-list\">\n<li>MINDD wird sich in angemessener Weise bem\u00fchen, die Verf\u00fcgbarkeit des Dienstes zu gew\u00e4hrleisten und Aktualisierungen zeitnah bereitzustellen, garantiert jedoch keine ununterbrochene Verf\u00fcgbarkeit, soweit dies in ihrer Macht steht.<\/li>\n\n\n\n<li>MINDD ver\u00f6ffentlicht von Zeit zu Zeit Updates, die Fehler korrigieren oder die Leistung des Dienstes verbessern k\u00f6nnen. Die Aktualisierungen werden automatisch auf der Website vorgenommen. App-Updates werden im Apple App Store oder Google Play Store angek\u00fcndigt. MINDD ist nicht verantwortlich f\u00fcr die rechtzeitige und korrekte Durchf\u00fchrung von Updates. MINDD \u00fcbernimmt keine Haftung f\u00fcr Sch\u00e4den, die aus M\u00e4ngeln oder Fehlern resultieren, die durch ein nicht installiertes Update verursacht werden.<\/li>\n\n\n\n<li>Eine Aktualisierung kann Bedingungen enthalten, die von den Bestimmungen dieser Nutzungsbedingungen abweichen. Dies wird Ihnen immer im Voraus mitgeteilt und Sie haben die M\u00f6glichkeit, die abweichenden Bedingungen abzulehnen. Im Falle einer Ablehnung wird der Vertrag zwischen Ihnen und MINDD hinf\u00e4llig. Mit der Nutzung eines solchen Updates erkl\u00e4ren Sie sich mit den abweichenden Bedingungen einverstanden, die dann Bestandteil des Vertrages werden.<\/li>\n\n\n\n<li>Soweit Teile des Dienstes bei MINDD und nicht auf Ihrem mobilen Endger\u00e4t laufen, hat MINDD das Recht, den Dienst oder Teile davon zu Wartungs-, Anpassungs- oder Verbesserungszwecken vor\u00fcbergehend au\u00dfer Betrieb zu setzen. MINDD wird versuchen, eine solche Abschaltung zu planen, wenn die Nutzung des Dienstes so gering wie m\u00f6glich ist, und sich bem\u00fchen, Sie rechtzeitig \u00fcber eine geplante Abschaltung zu informieren. MINDD ist jedoch in keinem Fall verpflichtet, Schadenersatz f\u00fcr Sch\u00e4den zu leisten, die im Zusammenhang mit einer solchen Stilllegung entstehen.<\/li>\n<\/ol>\n\n\n\n<h2 class=\"wp-block-heading\">9. SUPPORT<\/h2>\n\n\n\n<ol class=\"wp-block-list\">\n<li>Sie sind allein f\u00fcr die Nutzung des Dienstes verantwortlich.<\/li>\n\n\n\n<li>MINDD bietet keine Unterst\u00fctzung bei der Nutzung des Dienstes an. Sie k\u00f6nnen Ihre Fragen jedoch \u00fcber das Kontaktformular unter \u201cKontakt\u201d auf der Website, \u00fcber die Schaltfl\u00e4che \u201eMelden Sie uns\u201d in der App unter der Registerkarte \u201eInformation\u201d oder \u00fcber unsere Kontaktdaten stellen, die am Ende der Nutzungsbedingungen aufgef\u00fchrt sind. MINDD wird sich bem\u00fchen, die Fragen innerhalb eines angemessenen Zeitraums zu beantworten. Hinweis: Wenn Sie also Fragen zum Ergebnis der Triage durch den Dienst oder dazu haben, ob Sie einen Arzt aufsuchen m\u00fcssen, sollten Sie sich an Ihren Hausarzt oder die Arztpraxis wenden.MINDD nimmt Beschwerden und Berichte \u00fcber den Dienst sehr ernst. ommentare und<\/li>\n\n\n\n<li>Beschwerden k\u00f6nnen Sie jederzeit \u00fcber das Kontaktformular unter \u201eKontakt\u201d auf der Website, \u00fcber die Schaltfl\u00e4che \u201eMelden Sie uns\u201d in der App unter der Registerkarte \u201eInformation\u201d oder \u00fcber unsere Kontaktdaten, die am Ende der Nutzungsbedingungen aufgef\u00fchrt sind, \u00fcbermitteln.<\/li>\n\n\n\n<li>Wenn Sie ein Problem, falsche oder unvollst\u00e4ndige Daten bemerken, k\u00f6nnen Sie dies auch direkt \u00fcber das Kontaktformular unter \u201eKontakt\u201d auf der Website, \u00fcber die Schaltfl\u00e4che \u201eMelden Sie uns\u201d in der App unter der Registerkarte \u201eInformationen\u201d oder \u00fcber unsere Kontaktdaten, die am Ende der Nutzungsbedingungen aufgef\u00fchrt sind, melden.<\/li>\n<\/ol>\n\n\n\n<h2 class=\"wp-block-heading\">10. GARANTIEN UND HAFTUNG<\/h2>\n\n\n\n<ol class=\"wp-block-list\">\n<li>Ein Medizinprodukt ist ein Instrument, ein Apparat oder eine Vorrichtung, eine Software, ein Implantat, ein Reagenz, ein Stoff oder ein sonstiger Gegenstand, der vom Hersteller dazu bestimmt ist, allein oder in Kombination f\u00fcr einen oder mehrere bestimmte medizinische Zwecke gem\u00e4\u00df der Definition in der VERORDNUNG (EU) 2017\/745 DES EUROP\u00c4ISCHEN PARLAMENTS UND DES RATES vom 5. April 2017 am Menschen verwendet zu werden. Der Dienst ist ein solches Medizinprodukt.<\/li>\n\n\n\n<li>F\u00fcr Medizinprodukte gelten nach dem Gesetz besondere Vorschriften. So ist beispielsweise eine CE-Kennzeichnung obligatorisch. Die CE-Kennzeichnung zeigt an, dass das Produkt allen geltenden europ\u00e4ischen (Sicherheits-)Vorschriften entspricht und dass die Konformit\u00e4ts- und \u00dcbereinstimmungsverfahren abgeschlossen wurden. Der Dienst tr\u00e4gt die erforderliche CEKennzeichnung.<\/li>\n\n\n\n<li>Da es sich bei dem Dienst um ein Medizinprodukt handelt, wird MINDD unter anderem: a. keine Texte, Namen, Marken, Bilder oder andere Zeichen, ob bildlich oder anderweitig, verwenden, die Sie hinsichtlich des beabsichtigten Zwecks, der Sicherheit oder der Leistung des Dienstes in die Irre f\u00fchren k\u00f6nnten. Sollten Sie dennoch von den Bestimmungen des vorstehenden Satzes betroffen sein, wenden Sie sich bitte an MINDD \u00fcber das Kontaktformular unter \u201eKontakt\u201d auf der Website, \u00fcber die Schaltfl\u00e4che \u201eMelden Sie uns\u201d in der App unter der Registerkarte Informationen\u201d oder \u00fcber die Kontaktdaten am Ende dieser Nutzungsbedingungen. b. MINDD nimmt Ihre Beschwerden oder Berichte \u00fcber mutma\u00dfliche Vorf\u00e4lle im Zusammenhang mit dem Dienst sehr ernst und f\u00fchrt ein Register \u00fcber alle Beschwerden. Siehe auch Artikel 9 \u00fcber die Behandlung von Beschwerden.<\/li>\n\n\n\n<li>Dennoch kann die auf der Grundlage der von Ihnen bereitgestellten Informationen erstellte Beratung nicht die pers\u00f6nliche Triage durch den Hausarzt oder die Arzthelferin ersetzen. Wenn Sie mit den Ergebnissen des Dienstes nicht einverstanden sind, tun Sie, was Sie f\u00fcr richtig halten. Der Dienst basiert auf den in den vorangegangenen Punkten genannten Protokollen und Standards, die pers\u00f6nliche Situation kann davon abweichen. Entscheidungen, die Sie auf der Grundlage der bereitgestellten Informationen und der erstellten Ratschl\u00e4ge treffen, gehen zu jeder Zeit auf Ihre eigenen Kosten und Ihr eigenes Risiko.<\/li>\n\n\n\n<li>Die im Dienst bereitgestellten Informationen sollen lediglich eine erste Einsch\u00e4tzung geben, ob Sie einen Allgemeinmediziner aufsuchen m\u00fcssen.<\/li>\n\n\n\n<li>Obwohl MINDD sich bem\u00fcht, genaue, vollst\u00e4ndige und aktuelle Informationen aus als zuverl\u00e4ssig erachteten Quellen bereitzustellen, \u00fcbernimmt MINDD weder ausdr\u00fccklich noch stillschweigend eine Garantie f\u00fcr die Richtigkeit, Vollst\u00e4ndigkeit oder Aktualit\u00e4t der bereitgestellten Informationen.<\/li>\n\n\n\n<li>Die Informationen sind speziell f\u00fcr die niederl\u00e4ndische \u00d6ffentlichkeit bestimmt. MINDD kontrolliert und pflegt die Informationen von den Niederlanden aus und gibt keine Zusicherung, dass die bereitgestellten Informationen f\u00fcr die Nutzung in anderen L\u00e4ndern geeignet oder verf\u00fcgbar sind.<\/li>\n\n\n\n<li>MINDD haftet unter keinen Umst\u00e4nden f\u00fcr Sch\u00e4den, die im Zusammenhang mit dem Dienst entstehen.<\/li>\n\n\n\n<li>Die Haftungsausschl\u00fcsse in diesem Artikel gelten nur, wenn Sie eine nat\u00fcrliche oder juristische Person sind, die im Rahmen ihrer beruflichen oder gewerblichen T\u00e4tigkeit handelt.<\/li>\n\n\n\n<li>Die in den Nutzungsbedingungen enthaltenen Haftungsbeschr\u00e4nkungen gelten nicht f\u00fcr Sch\u00e4den, die auf Vorsatz oder grober Fahrl\u00e4ssigkeit der Direktoren oder der Gesch\u00e4ftsf\u00fchrung von MINDD beruhen, sowie f\u00fcr Sch\u00e4den aus der Verletzung des Lebens oder des K\u00f6rpers.<\/li>\n\n\n\n<li>MINDD ist nicht f\u00fcr die Daten verantwortlich, die Sie in den Dienst eingeben.<\/li>\n<\/ol>\n\n\n\n<h2 class=\"wp-block-heading\">11. DAUER UND BEENDIGUNG<\/h2>\n\n\n\n<ol class=\"wp-block-list\">\n<li>Sie k\u00f6nnen die Vereinbarung und damit das Nutzungsrecht jederzeit k\u00fcndigen, indem Sie die Nutzung des Dienstes einstellen.<\/li>\n\n\n\n<li>Die Nutzung des Dienstes kann sowohl von Ihnen als auch von MINDD jederzeit beendet werden. Dies ist angemessen, da die Nutzung f\u00fcr Sie kostenlos ist.<\/li>\n\n\n\n<li>Bei Beendigung der Vereinbarung (aus welchem Grund auch immer) m\u00fcssen Sie die Nutzung des Dienstes einstellen und unterlassen. Sie m\u00fcssen dann alle Kopien (einschlie\u00dflich aller Sicherungskopien) des Dienstes von allen Ihren Systemen l\u00f6schen.<\/li>\n<\/ol>\n\n\n\n<h2 class=\"wp-block-heading\">12. VERTRAULICHKEIT<\/h2>\n\n\n\n<ol class=\"wp-block-list\">\n<li>Die Parteien werden alle Informationen, die sie einander bei der Nutzung des Dienstes zur Verf\u00fcgung stellen, vertraulich behandeln, wenn diese Informationen als vertraulich gekennzeichnet sind oder wenn die empfangende Partei wei\u00df oder vern\u00fcnftigerweise vermuten sollte, dass die Informationen als vertraulich gedacht waren.<\/li>\n\n\n\n<li>MINDD wird nicht (und kann in den meisten F\u00e4llen auch nicht) von privaten Daten erfahren, die Sie \u00fcber den Dienst speichern und\/oder verbreiten, es sei denn, dies ist f\u00fcr die ordnungsgem\u00e4\u00dfe Erbringung der Dienste erforderlich oder MINDD ist gesetzlich dazu verpflichtet, dies zu tun. Weitere Informationen hierzu finden Sie in der Datenschutzerkl\u00e4rung und der Cookie-Erkl\u00e4rung.<\/li>\n<\/ol>\n\n\n\n<h2 class=\"wp-block-heading\">13. \u00c4NDERUNG DER NUTZUNGSBEDINGUNGEN<\/h2>\n\n\n\n<ol class=\"wp-block-list\">\n<li>Diese Nutzungsbedingungen k\u00f6nnen ge\u00e4ndert werden.<\/li>\n\n\n\n<li>MINDD wird die \u00c4nderungen oder Erg\u00e4nzungen mindestens (30) Kalendertage vor ihrem Inkrafttreten bekannt geben, damit Sie sie zur Kenntnis nehmen k\u00f6nnen.<\/li>\n\n\n\n<li>Wenn Sie eine \u00c4nderung oder Erg\u00e4nzung nicht akzeptieren wollen, k\u00f6nnen Sie das Nutzungsrecht k\u00fcndigen, indem Sie die Nutzung des Dienstes bis zum Datum des Inkrafttretens einstellen. Die Nutzung des Dienstes nach dem Datum des Inkrafttretens wird als Annahme der ge\u00e4nderten oder erg\u00e4nzten Bedingungen angesehen.<\/li>\n<\/ol>\n\n\n\n<h2 class=\"wp-block-heading\">14. SONSTIGE BESTIMMUNGEN<\/h2>\n\n\n\n<ol class=\"wp-block-list\">\n<li>Der Dienst ist f\u00fcr Personen innerhalb und au\u00dferhalb der Niederlande bestimmt und dient der Feststellung, ob Sie einen Arzt in den Niederlanden aufsuchen m\u00fcssen. Der Dienst st\u00fctzt sich auf Quellen und Protokolle, wie sie f\u00fcr das niederl\u00e4ndische Gesundheitswesen gelten. Lesen Sie mehr dazu unter Artikel 10. Dies liegt daran, dass die oben genannten Quellen und Protokolle von Land zu Land unterschiedlich sein k\u00f6nnen. Wenn Sie sich dazu entschlie\u00dfen, den Dienst entgegen dem Vorstehenden zu nutzen, tun Sie dies auf eigenes Risiko, da der Dienst m\u00f6glicherweise nicht den in Ihrem Land geltenden Gesundheitsprotokollen und Anforderungen f\u00fcr Quellen von Gesundheitsinformationen entspricht.<\/li>\n\n\n\n<li>Auf die Nutzung und den zugrunde liegenden Vertrag ist niederl\u00e4ndisches Recht anwendbar, soweit es nicht mit zwingenden Rechtsvorschriften kollidiert.<\/li>\n<\/ol>\n\n\n\n<h2 class=\"wp-block-heading\">15. QUELLEN DER GESUNDHEITSBERATUNG&nbsp;<\/h2>\n\n\n\n<ol class=\"wp-block-list\">\n<li>Die Gesundheitsempfehlungen, die auf dieser Website und \u00fcber unser Widget bereitgestellt werden, basieren auf Informationen aus zuverl\u00e4ssigen und renommierten Quellen, einschlie\u00dflich, aber nicht beschr\u00e4nkt auf:&nbsp;<\/li>\n\n\n\n<li>Die Empfehlungen basieren auf den Richtlinien der Niederl\u00e4ndischen Gesellschaft f\u00fcr Haus\u00e4rzte (Nederlands Huisartsen Genootschap &#8211; NHG) und dem Niederl\u00e4ndischen Triage-Standard (Nederlandse Triage Standaard &#8211; NTS), verifiziert durch medizinische Fachkr\u00e4fte und Experten in verst\u00e4ndlicher Sprache f\u00fcr Patienten.<\/li>\n<\/ol>\n\n\n\n<p><strong>HAFTUNGSAUSSCHLUSS<\/strong>&nbsp;<\/p>\n\n\n\n<p>Diese \u00dcbersetzung wurde teilweise mithilfe k\u00fcnstlicher Intelligenz erstellt. Obwohl wir gr\u00f6\u00dftm\u00f6gliche Genauigkeit anstreben, k\u00f6nnen \u00dcbersetzungsfehler oder Bedeutungsnuancen auftreten. Im Zweifelsfall ist der niederl\u00e4ndische Text ma\u00dfgebend.&nbsp;<\/p>\n\n\n\n<figure class=\"wp-block-image size-large\" id=\"mdrlabel\"><img loading=\"lazy\" decoding=\"async\" width=\"1024\" height=\"838\" src=\"https:\/\/moetiknaardedokter.be\/de\/wp-content\/uploads\/sites\/3\/2025\/03\/MDR-Label-Export-1024x838.png\" alt=\"\" class=\"wp-image-340670\" srcset=\"https:\/\/moetiknaardedokter.be\/de\/wp-content\/uploads\/sites\/3\/2025\/03\/MDR-Label-Export-1024x838.png 1024w, https:\/\/moetiknaardedokter.be\/de\/wp-content\/uploads\/sites\/3\/2025\/03\/MDR-Label-Export-300x245.png 300w, https:\/\/moetiknaardedokter.be\/de\/wp-content\/uploads\/sites\/3\/2025\/03\/MDR-Label-Export-768x628.png 768w, https:\/\/moetiknaardedokter.be\/de\/wp-content\/uploads\/sites\/3\/2025\/03\/MDR-Label-Export.png 1100w\" sizes=\"auto, (max-width: 1024px) 100vw, 1024px\" \/><\/figure>\n\n\n\n<h2 class=\"wp-block-heading\">Kontaktangaben<\/h2>\n\n\n\n<p>MINDD B.V.<br>Prins Willem-Alexanderlaan 705<br>7311 ST Apeldoorn<br>Nummer der Handelskammer: 55280021<br>E-mail:&nbsp;<a href=\"mailto:fg@moetiknaardedokter.be\">fg@moetiknaardedokter.be<\/a><br>Telefon:<a href=\"tel:085 130 4720\">&nbsp;085 130 4720<\/a><\/p>\n<\/div>\n<\/div>\n<\/div>\n\n\n\n<p><\/p>\n","protected":false},"excerpt":{"rendered":"<p>Diese Nutzungsbedingungen wurden zuletzt am 03.06.2020 ge\u00e4ndert. F\u00fcr weitere Informationen \u00fcber unsere Einhaltung der Medical Device Regulation (MDR) und relevante Zertifizierungen verweisen wir Sie auf das MDR-Label am unteren Ende dieser Seite. \u201eMuss ich zum Arzt gehen?\u201d ist f\u00fcr die folgenden F\u00e4lle vorgesehen: Jeder zweifelt daran, ob ein Arztbesuch notwendig ist. Oft beschlie\u00dfen die Leute, [&hellip;]<\/p>\n","protected":false},"author":1,"featured_media":0,"parent":0,"menu_order":0,"comment_status":"closed","ping_status":"closed","template":"","meta":{"_acf_changed":false,"_trash_the_other_posts":false,"editor_notices":[],"footnotes":""},"class_list":["post-340582","page","type-page","status-publish","hentry"],"acf":[],"mb":[],"mfb_rest_fields":["title"],"_links":{"self":[{"href":"https:\/\/moetiknaardedokter.be\/de\/wp-json\/wp\/v2\/pages\/340582","targetHints":{"allow":["GET"]}}],"collection":[{"href":"https:\/\/moetiknaardedokter.be\/de\/wp-json\/wp\/v2\/pages"}],"about":[{"href":"https:\/\/moetiknaardedokter.be\/de\/wp-json\/wp\/v2\/types\/page"}],"author":[{"embeddable":true,"href":"https:\/\/moetiknaardedokter.be\/de\/wp-json\/wp\/v2\/users\/1"}],"replies":[{"embeddable":true,"href":"https:\/\/moetiknaardedokter.be\/de\/wp-json\/wp\/v2\/comments?post=340582"}],"version-history":[{"count":5,"href":"https:\/\/moetiknaardedokter.be\/de\/wp-json\/wp\/v2\/pages\/340582\/revisions"}],"predecessor-version":[{"id":340671,"href":"https:\/\/moetiknaardedokter.be\/de\/wp-json\/wp\/v2\/pages\/340582\/revisions\/340671"}],"wp:attachment":[{"href":"https:\/\/moetiknaardedokter.be\/de\/wp-json\/wp\/v2\/media?parent=340582"}],"curies":[{"name":"wp","href":"https:\/\/api.w.org\/{rel}","templated":true}]}}