{"id":6,"date":"2024-03-20T11:22:11","date_gmt":"2024-03-20T11:22:11","guid":{"rendered":"https:\/\/minddbe.mindd.dev\/?page_id=6"},"modified":"2026-04-24T11:19:04","modified_gmt":"2026-04-24T11:19:04","slug":"startseite","status":"publish","type":"page","link":"https:\/\/moetiknaardedokter.be\/de\/","title":{"rendered":"Startseite"},"content":{"rendered":"\n<div class=\"wp-block-group alignfull widget-container has-global-padding is-layout-constrained wp-container-core-group-is-layout-59107544 wp-block-group-is-layout-constrained has-background\" style=\"margin-top:0;margin-bottom:0;padding-top:var(--wp--preset--spacing--panel-spacing);padding-bottom:var(--wp--preset--spacing--panel-spacing);background-image:url(&apos;https:\/\/moetiknaardedokter.be\/wp-content\/uploads\/2025\/01\/MoetIkNaarDeDokter_achtergrond2_RGB.png&apos;);background-size:cover;\">\n<div class=\"wp-block-columns alignwide is-layout-flex wp-container-core-columns-is-layout-04e9168f wp-block-columns-is-layout-flex\" style=\"padding-top:var(--wp--preset--spacing--large)\">\n<div class=\"wp-block-column is-vertically-aligned-top selftriage-widget has-white-background-color has-background is-layout-flow wp-block-column-is-layout-flow\" style=\"flex-basis:66%\">\t\t\t<div class=\"mindd-widget wp-block-mindd-selftriage-widget\" id=\"mindd_widget_embedded_d2385179-d897-4c46-93f8-9f1321b52793\" data-apikey=\"IRS7f8SaFPyrdeGnIAbnXgKyaTNEdwS\/\" data-language=\"DE\" data-showwelcometext=\"false\" data-type=\"widget\" >\n\t\t\t\t\t<\/div>\n\t<\/div>\n\n\n\n<div class=\"wp-block-column is-vertically-aligned-center is-layout-flow wp-block-column-is-layout-flow\" style=\"padding-top:0;flex-basis:33%\">\n<h1 class=\"wp-block-heading alignwide home__h1 has-white-color has-text-color has-link-color wp-elements-85e2a1b147680d00714a8c7301fd9057\" style=\"margin-top:0;margin-bottom:var(--wp--preset--spacing--small);padding-top:0;line-height:1\">Ben\u00f6tigen Sie sofortige Beratung?<\/h1>\n\n\n\n<p class=\"has-white-color has-text-color has-link-color wp-elements-3692cf57919e41b4cf79c88ec7f136d4\" style=\"margin-top:0;line-height:2\">M\u00f6chten Sie sofort eine Beratung erhalten? Oder m\u00f6chten Sie wissen, was Sie jetzt gegen Ihre Beschwerden tun k\u00f6nnen? Dann beantworten Sie ein paar kurze Fragen.<\/p>\n\n\n\n<div class=\"wp-block-group has-global-padding is-layout-constrained wp-block-group-is-layout-constrained\">\n<div class=\"wp-block-columns is-not-stacked-on-mobile wp-container-content-9cfa9a5a is-layout-flex wp-container-core-columns-is-layout-5435abb2 wp-block-columns-is-layout-flex\" style=\"margin-top:0;margin-bottom:0\">\n<div class=\"wp-block-column is-vertically-aligned-top has-border-color has-white-50-border-color has-color-brand-dark-blue-300-background-color has-background has-global-padding is-layout-constrained wp-container-core-column-is-layout-9a4c8acf wp-block-column-is-layout-constrained\" style=\"border-style:solid;border-width:1px;border-radius:5px;padding-top:var(--wp--preset--spacing--small);padding-right:var(--wp--preset--spacing--small);padding-bottom:var(--wp--preset--spacing--small);padding-left:var(--wp--preset--spacing--small);flex-basis:20px\">\n<figure class=\"wp-block-image size-full is-resized is-style-default\"><img decoding=\"async\" src=\"https:\/\/moetiknaardedokter.be\/wp-content\/uploads\/2025\/01\/editor_choice_24dp_FFFFFF_FILL0_wght400_GRAD0_opsz24.svg\" alt=\"\" class=\"wp-image-339657\" style=\"width:20px;height:auto\"\/><\/figure>\n<\/div>\n\n\n\n<div class=\"wp-block-column is-vertically-aligned-stretch is-layout-flow wp-block-column-is-layout-flow\" style=\"padding-top:0;padding-right:0;padding-bottom:0;padding-left:0;flex-basis:100%\">\n<p class=\"has-white-color has-text-color has-link-color has-small-font-size wp-elements-725f60ec74a0c798090425f8fbec776e\" style=\"margin-top:0;margin-bottom:var(--wp--preset--spacing--extra-small)\"><strong>Zuverl\u00e4ssige Beratung<\/strong><\/p>\n\n\n\n<p class=\"has-white-color has-text-color has-link-color has-small-font-size wp-elements-8c17bf519c7ff2159214e4032b0383f2\" style=\"margin-top:0;margin-right:0;margin-bottom:0;margin-left:0;padding-top:0;padding-right:0;padding-bottom:0;padding-left:0\">Unsere Selbsttriage wurde sorgf\u00e4ltig von einem Team von Spezialisten entwickelt und von unserem medizinischen Ausschuss gepr\u00fcft.<\/p>\n<\/div>\n<\/div>\n<\/div>\n\n\n\n<div class=\"wp-block-group has-global-padding is-layout-constrained wp-block-group-is-layout-constrained\">\n<div class=\"wp-block-columns is-not-stacked-on-mobile wp-container-content-9cfa9a5a is-layout-flex wp-container-core-columns-is-layout-5435abb2 wp-block-columns-is-layout-flex\" style=\"margin-top:0;margin-bottom:0\">\n<div class=\"wp-block-column is-vertically-aligned-top has-border-color has-white-50-border-color has-color-brand-dark-blue-300-background-color has-background has-global-padding is-layout-constrained wp-container-core-column-is-layout-9a4c8acf wp-block-column-is-layout-constrained\" style=\"border-style:solid;border-width:1px;border-radius:5px;padding-top:var(--wp--preset--spacing--small);padding-right:var(--wp--preset--spacing--small);padding-bottom:var(--wp--preset--spacing--small);padding-left:var(--wp--preset--spacing--small);flex-basis:20px\">\n<figure class=\"wp-block-image size-full is-resized is-style-default\"><img decoding=\"async\" src=\"https:\/\/moetiknaardedokter.be\/wp-content\/uploads\/2025\/01\/medical_information_24dp_FFFFFF_FILL0_wght400_GRAD0_opsz24.svg\" alt=\"\" class=\"wp-image-339659\" style=\"width:20px;height:auto\"\/><\/figure>\n<\/div>\n\n\n\n<div class=\"wp-block-column is-vertically-aligned-stretch is-layout-flow wp-block-column-is-layout-flow\" style=\"padding-top:0;padding-right:0;padding-bottom:0;padding-left:0;flex-basis:100%\">\n<p class=\"has-white-color has-text-color has-link-color has-small-font-size wp-elements-2a0eea63473c2e208d5267494dad6d9c\" style=\"margin-top:0;margin-bottom:var(--wp--preset--spacing--extra-small)\"><strong>Pers\u00f6nliche Beratung<\/strong><\/p>\n\n\n\n<p class=\"has-white-color has-text-color has-link-color has-small-font-size wp-elements-43ce2e00fd56348669c99f6cd19f27da\" style=\"margin-top:0;margin-right:0;margin-bottom:0;margin-left:0;padding-top:0;padding-right:0;padding-bottom:0;padding-left:0\">Wir geben Ihnen sofort eine Empfehlung, welche Versorgung f\u00fcr Ihre Beschwerden erforderlich ist.<\/p>\n<\/div>\n<\/div>\n<\/div>\n\n\n\n<div class=\"wp-block-group has-global-padding is-layout-constrained wp-block-group-is-layout-constrained\">\n<div class=\"wp-block-columns is-not-stacked-on-mobile wp-container-content-9cfa9a5a is-layout-flex wp-container-core-columns-is-layout-5435abb2 wp-block-columns-is-layout-flex\" style=\"margin-top:0;margin-bottom:0\">\n<div class=\"wp-block-column is-vertically-aligned-top has-border-color has-white-50-border-color has-color-brand-dark-blue-300-background-color has-background has-global-padding is-layout-constrained wp-container-core-column-is-layout-9a4c8acf wp-block-column-is-layout-constrained\" style=\"border-style:solid;border-width:1px;border-radius:5px;padding-top:var(--wp--preset--spacing--small);padding-right:var(--wp--preset--spacing--small);padding-bottom:var(--wp--preset--spacing--small);padding-left:var(--wp--preset--spacing--small);flex-basis:20px\">\n<figure class=\"wp-block-image size-full is-resized is-style-default\"><img decoding=\"async\" src=\"https:\/\/moetiknaardedokter.be\/wp-content\/uploads\/2025\/01\/person_24dp_FFFFFF_FILL0_wght400_GRAD0_opsz24.svg\" alt=\"\" class=\"wp-image-339658\" style=\"width:20px;height:auto\"\/><\/figure>\n<\/div>\n\n\n\n<div class=\"wp-block-column is-vertically-aligned-stretch is-layout-flow wp-block-column-is-layout-flow\" style=\"padding-top:0;padding-right:0;padding-bottom:0;padding-left:0;flex-basis:100%\">\n<p class=\"has-white-color has-text-color has-link-color has-small-font-size wp-elements-eae9f97f53baf55dd0d699d13f9f8d08\" style=\"margin-top:0;margin-bottom:var(--wp--preset--spacing--extra-small)\"><strong>Selbsthilfe-Ratschl\u00e4ge<\/strong><\/p>\n\n\n\n<p class=\"has-white-color has-text-color has-link-color has-small-font-size wp-elements-48890d95fad33aa0cc27990a12bbef98\" style=\"margin-top:0;margin-right:0;margin-bottom:0;margin-left:0;padding-top:0;padding-right:0;padding-bottom:0;padding-left:0\">Wir sagen Ihnen sofort, was Sie tun k\u00f6nnen, um Ihre Beschwerden zu lindern.<\/p>\n<\/div>\n<\/div>\n<\/div>\n<\/div>\n<\/div>\n<\/div>\n","protected":false},"excerpt":{"rendered":"<p>Ben\u00f6tigen Sie sofortige Beratung? M\u00f6chten Sie sofort eine Beratung erhalten? Oder m\u00f6chten Sie wissen, was Sie jetzt gegen Ihre Beschwerden tun k\u00f6nnen? Dann beantworten Sie ein paar kurze Fragen. Zuverl\u00e4ssige Beratung Unsere Selbsttriage wurde sorgf\u00e4ltig von einem Team von Spezialisten entwickelt und von unserem medizinischen Ausschuss gepr\u00fcft. Pers\u00f6nliche Beratung Wir geben Ihnen sofort eine Empfehlung, [&hellip;]<\/p>\n","protected":false},"author":1,"featured_media":0,"parent":0,"menu_order":0,"comment_status":"closed","ping_status":"closed","template":"wp-custom-template-homepage-patients","meta":{"_acf_changed":false,"_trash_the_other_posts":false,"editor_notices":[],"footnotes":""},"class_list":["post-6","page","type-page","status-publish","hentry"],"acf":[],"mb":[],"mfb_rest_fields":["title"],"_links":{"self":[{"href":"https:\/\/moetiknaardedokter.be\/de\/wp-json\/wp\/v2\/pages\/6","targetHints":{"allow":["GET"]}}],"collection":[{"href":"https:\/\/moetiknaardedokter.be\/de\/wp-json\/wp\/v2\/pages"}],"about":[{"href":"https:\/\/moetiknaardedokter.be\/de\/wp-json\/wp\/v2\/types\/page"}],"author":[{"embeddable":true,"href":"https:\/\/moetiknaardedokter.be\/de\/wp-json\/wp\/v2\/users\/1"}],"replies":[{"embeddable":true,"href":"https:\/\/moetiknaardedokter.be\/de\/wp-json\/wp\/v2\/comments?post=6"}],"version-history":[{"count":359,"href":"https:\/\/moetiknaardedokter.be\/de\/wp-json\/wp\/v2\/pages\/6\/revisions"}],"predecessor-version":[{"id":340696,"href":"https:\/\/moetiknaardedokter.be\/de\/wp-json\/wp\/v2\/pages\/6\/revisions\/340696"}],"wp:attachment":[{"href":"https:\/\/moetiknaardedokter.be\/de\/wp-json\/wp\/v2\/media?parent=6"}],"curies":[{"name":"wp","href":"https:\/\/api.w.org\/{rel}","templated":true}]}}