{"id":6,"date":"2024-03-20T11:22:11","date_gmt":"2024-03-20T11:22:11","guid":{"rendered":"https:\/\/minddbe.mindd.dev\/?page_id=6"},"modified":"2026-04-24T11:25:16","modified_gmt":"2026-04-24T11:25:16","slug":"startseite","status":"publish","type":"page","link":"https:\/\/moetiknaardedokter.be\/es\/","title":{"rendered":"Hogar"},"content":{"rendered":"\n<div class=\"wp-block-group alignfull widget-container has-global-padding is-layout-constrained wp-container-core-group-is-layout-59107544 wp-block-group-is-layout-constrained has-background\" style=\"margin-top:0;margin-bottom:0;padding-top:var(--wp--preset--spacing--panel-spacing);padding-bottom:var(--wp--preset--spacing--panel-spacing);background-image:url(&apos;https:\/\/moetiknaardedokter.be\/wp-content\/uploads\/2025\/01\/MoetIkNaarDeDokter_achtergrond2_RGB.png&apos;);background-size:cover;\">\n<div class=\"wp-block-columns alignwide is-layout-flex wp-container-core-columns-is-layout-04e9168f wp-block-columns-is-layout-flex\" style=\"padding-top:var(--wp--preset--spacing--large)\">\n<div class=\"wp-block-column is-vertically-aligned-top selftriage-widget has-white-background-color has-background is-layout-flow wp-block-column-is-layout-flow\" style=\"flex-basis:66%\">\t\t\t<div class=\"mindd-widget wp-block-mindd-selftriage-widget\" id=\"mindd_widget_embedded_14da5d4e-877e-427d-8b00-d6024c19536e\" data-apikey=\"IRS7f8SaFPyrdeGnIAbnXgKyaTNEdwS\/\" data-language=\"ES\" data-showwelcometext=\"false\" data-type=\"widget\" >\n\t\t\tComenzar\t\t<\/div>\n\t<\/div>\n\n\n\n<div class=\"wp-block-column is-vertically-aligned-center is-layout-flow wp-block-column-is-layout-flow\" style=\"padding-top:0;flex-basis:33%\">\n<h1 class=\"wp-block-heading alignwide home__h1 has-white-color has-text-color has-link-color wp-elements-dee05259b68fc7beb4f97f3e2bd590d2\" style=\"margin-top:0;margin-bottom:var(--wp--preset--spacing--small);padding-top:0;line-height:1\">\n\t\t\t\t\u00bfNecesitas asesoramiento inmediato?\n\t\t\t<\/h1>\n\n\n\n<p class=\"has-white-color has-text-color has-link-color wp-elements-d19eefdf5d26c92527adf93417e0bcaa\" style=\"margin-top:0;line-height:2\">\n\t\t\t\t\u00bfQuieres recibir asesoramiento inmediato? \u00bfO te gustar\u00eda saber\n\t\t\t\tqu\u00e9 puedes hacer ahora para combatir tus s\u00edntomas? Luego\n\t\t\t\tresponda algunas preguntas breves.\n\t\t\t<\/p>\n\n\n\n<div class=\"wp-block-group has-global-padding is-layout-constrained wp-block-group-is-layout-constrained\">\n<div class=\"wp-block-columns is-not-stacked-on-mobile wp-container-content-9cfa9a5a is-layout-flex wp-container-core-columns-is-layout-5435abb2 wp-block-columns-is-layout-flex\" style=\"margin-top:0;margin-bottom:0\">\n<div class=\"wp-block-column is-vertically-aligned-top has-border-color has-white-50-border-color has-color-brand-dark-blue-300-background-color has-background has-global-padding is-layout-constrained wp-container-core-column-is-layout-9a4c8acf wp-block-column-is-layout-constrained\" style=\"border-style:solid;border-width:1px;border-radius:5px;padding-top:var(--wp--preset--spacing--small);padding-right:var(--wp--preset--spacing--small);padding-bottom:var(--wp--preset--spacing--small);padding-left:var(--wp--preset--spacing--small);flex-basis:20px\">\n<figure class=\"wp-block-image size-full is-resized is-style-default\"><img decoding=\"async\" src=\"https:\/\/moetiknaardedokter.be\/wp-content\/uploads\/2025\/01\/editor_choice_24dp_FFFFFF_FILL0_wght400_GRAD0_opsz24.svg\" alt=\"\" class=\"wp-image-339657\" style=\"width:20px;height:auto\"\/><\/figure>\n<\/div>\n\n\n\n<div class=\"wp-block-column is-vertically-aligned-stretch is-layout-flow wp-block-column-is-layout-flow\" style=\"padding-top:0;padding-right:0;padding-bottom:0;padding-left:0;flex-basis:100%\">\n<p class=\"has-white-color has-text-color has-link-color has-small-font-size wp-elements-d382888fdcce7acec6b07a2bdca15c70\" style=\"margin-top:0;margin-bottom:var(--wp--preset--spacing--extra-small)\"><p class=\"has-white-color has-text-color has-link-color has-small-font-size\" style=\"\n\t\t\t\t\t\t\t\tmargin-top: 0;\n\t\t\t\t\t\t\t\tmargin-bottom: var(\n\t\t\t\t\t\t\t\t\t--wp--preset--spacing--extra-small\n\t\t\t\t\t\t\t\t);\n\t\t\t\t\t\t\t\">\n\t\t\t\t\t\t\t<strong>Asesoramiento confiable<\/strong>\n\t\t\t\t\t\t<\/p><\/p>\n\n\n\n<p class=\"has-white-color has-text-color has-link-color has-small-font-size wp-elements-90be1e42ee2a0e2af60155212f099f97\" style=\"margin-top:0;margin-right:0;margin-bottom:0;margin-left:0;padding-top:0;padding-right:0;padding-bottom:0;padding-left:0\">\n                        Nuestro auto-triaje fue desarrollado cuidadosamente por un equipo de especialistas y revisado por nuestro comit\u00e9 m\u00e9dico.\n\t\t\t\t\t\t<\/p>\n<\/div>\n<\/div>\n<\/div>\n\n\n\n<div class=\"wp-block-group has-global-padding is-layout-constrained wp-block-group-is-layout-constrained\">\n<div class=\"wp-block-columns is-not-stacked-on-mobile wp-container-content-9cfa9a5a is-layout-flex wp-container-core-columns-is-layout-5435abb2 wp-block-columns-is-layout-flex\" style=\"margin-top:0;margin-bottom:0\">\n<div class=\"wp-block-column is-vertically-aligned-top has-border-color has-white-50-border-color has-color-brand-dark-blue-300-background-color has-background has-global-padding is-layout-constrained wp-container-core-column-is-layout-9a4c8acf wp-block-column-is-layout-constrained\" style=\"border-style:solid;border-width:1px;border-radius:5px;padding-top:var(--wp--preset--spacing--small);padding-right:var(--wp--preset--spacing--small);padding-bottom:var(--wp--preset--spacing--small);padding-left:var(--wp--preset--spacing--small);flex-basis:20px\">\n<figure class=\"wp-block-image size-full is-resized is-style-default\"><img decoding=\"async\" src=\"https:\/\/moetiknaardedokter.be\/wp-content\/uploads\/2025\/01\/medical_information_24dp_FFFFFF_FILL0_wght400_GRAD0_opsz24.svg\" alt=\"\" class=\"wp-image-339659\" style=\"width:20px;height:auto\"\/><\/figure>\n<\/div>\n\n\n\n<div class=\"wp-block-column is-vertically-aligned-stretch is-layout-flow wp-block-column-is-layout-flow\" style=\"padding-top:0;padding-right:0;padding-bottom:0;padding-left:0;flex-basis:100%\">\n<p class=\"has-white-color has-text-color has-link-color has-small-font-size wp-elements-d578319b9bcd4f6829f07e3739072215\" style=\"margin-top:0;margin-bottom:var(--wp--preset--spacing--extra-small)\"><p class=\"has-white-color has-text-color has-link-color has-small-font-size\" style=\"\n\t\t\t\t\t\t\t\tmargin-top: 0;\n\t\t\t\t\t\t\t\tmargin-bottom: var(\n\t\t\t\t\t\t\t\t\t--wp--preset--spacing--extra-small\n\t\t\t\t\t\t\t\t);\n\t\t\t\t\t\t\t\">\n\t\t\t\t\t\t\t<strong>Asesoramiento personalizado<\/strong>\n\t\t\t\t\t\t<\/p><\/p>\n\n\n\n<p class=\"has-white-color has-text-color has-link-color has-small-font-size wp-elements-bdcf9e158b5bccb5360122168d7338d5\" style=\"margin-top:0;margin-right:0;margin-bottom:0;margin-left:0;padding-top:0;padding-right:0;padding-bottom:0;padding-left:0\">\n                        Le daremos inmediatamente una recomendaci\u00f3n sobre el cuidado que se requiere para sus s\u00edntomas.\n\t\t\t\t\t\t<\/p>\n<\/div>\n<\/div>\n<\/div>\n\n\n\n<div class=\"wp-block-group has-global-padding is-layout-constrained wp-block-group-is-layout-constrained\">\n<div class=\"wp-block-columns is-not-stacked-on-mobile wp-container-content-9cfa9a5a is-layout-flex wp-container-core-columns-is-layout-5435abb2 wp-block-columns-is-layout-flex\" style=\"margin-top:0;margin-bottom:0\">\n<div class=\"wp-block-column is-vertically-aligned-top has-border-color has-white-50-border-color has-color-brand-dark-blue-300-background-color has-background has-global-padding is-layout-constrained wp-container-core-column-is-layout-9a4c8acf wp-block-column-is-layout-constrained\" style=\"border-style:solid;border-width:1px;border-radius:5px;padding-top:var(--wp--preset--spacing--small);padding-right:var(--wp--preset--spacing--small);padding-bottom:var(--wp--preset--spacing--small);padding-left:var(--wp--preset--spacing--small);flex-basis:20px\">\n<figure class=\"wp-block-image size-full is-resized is-style-default\"><img decoding=\"async\" src=\"https:\/\/moetiknaardedokter.be\/wp-content\/uploads\/2025\/01\/person_24dp_FFFFFF_FILL0_wght400_GRAD0_opsz24.svg\" alt=\"\" class=\"wp-image-339658\" style=\"width:20px;height:auto\"\/><\/figure>\n<\/div>\n\n\n\n<div class=\"wp-block-column is-vertically-aligned-stretch is-layout-flow wp-block-column-is-layout-flow\" style=\"padding-top:0;padding-right:0;padding-bottom:0;padding-left:0;flex-basis:100%\">\n<p class=\"has-white-color has-text-color has-link-color has-small-font-size wp-elements-1816d0099b85d414e1600bb470633f30\" style=\"margin-top:0;margin-bottom:var(--wp--preset--spacing--extra-small)\"><p class=\"has-white-color has-text-color has-link-color has-small-font-size\" style=\"\n\t\t\t\t\t\t\t\tmargin-top: 0;\n\t\t\t\t\t\t\t\tmargin-bottom: var(\n\t\t\t\t\t\t\t\t\t--wp--preset--spacing--extra-small\n\t\t\t\t\t\t\t\t);\n\t\t\t\t\t\t\t\">\n\t\t\t\t\t\t\t<strong>Consejos de autoayuda<\/strong>\n\t\t\t\t\t\t<\/p><\/p>\n\n\n\n<p class=\"has-white-color has-text-color has-link-color has-small-font-size wp-elements-7d3de1c82d0b4945a35e5070c8c04981\" style=\"margin-top:0;margin-right:0;margin-bottom:0;margin-left:0;padding-top:0;padding-right:0;padding-bottom:0;padding-left:0\">\n                        Le diremos inmediatamente qu\u00e9 puede hacer para aliviar sus s\u00edntomas.\n\t\t\t\t\t\t<\/p>\n<\/div>\n<\/div>\n<\/div>\n<\/div>\n<\/div>\n<\/div>\n","protected":false},"excerpt":{"rendered":"<p>\u00bfNecesitas asesoramiento inmediato? \u00bfQuieres recibir asesoramiento inmediato? \u00bfO te gustar\u00eda saber qu\u00e9 puedes hacer ahora para combatir tus s\u00edntomas? Luego responda algunas preguntas breves. Asesoramiento confiable Nuestro auto-triaje fue desarrollado cuidadosamente por un equipo de especialistas y revisado por nuestro comit\u00e9 m\u00e9dico. Asesoramiento personalizado Le daremos inmediatamente una recomendaci\u00f3n sobre el cuidado que se requiere [&hellip;]<\/p>\n","protected":false},"author":1,"featured_media":0,"parent":0,"menu_order":0,"comment_status":"closed","ping_status":"closed","template":"wp-custom-template-homepage-patients","meta":{"_acf_changed":false,"_trash_the_other_posts":false,"editor_notices":[],"footnotes":""},"class_list":["post-6","page","type-page","status-publish","hentry"],"acf":[],"mb":[],"mfb_rest_fields":["title"],"_links":{"self":[{"href":"https:\/\/moetiknaardedokter.be\/es\/wp-json\/wp\/v2\/pages\/6","targetHints":{"allow":["GET"]}}],"collection":[{"href":"https:\/\/moetiknaardedokter.be\/es\/wp-json\/wp\/v2\/pages"}],"about":[{"href":"https:\/\/moetiknaardedokter.be\/es\/wp-json\/wp\/v2\/types\/page"}],"author":[{"embeddable":true,"href":"https:\/\/moetiknaardedokter.be\/es\/wp-json\/wp\/v2\/users\/1"}],"replies":[{"embeddable":true,"href":"https:\/\/moetiknaardedokter.be\/es\/wp-json\/wp\/v2\/comments?post=6"}],"version-history":[{"count":364,"href":"https:\/\/moetiknaardedokter.be\/es\/wp-json\/wp\/v2\/pages\/6\/revisions"}],"predecessor-version":[{"id":340701,"href":"https:\/\/moetiknaardedokter.be\/es\/wp-json\/wp\/v2\/pages\/6\/revisions\/340701"}],"wp:attachment":[{"href":"https:\/\/moetiknaardedokter.be\/es\/wp-json\/wp\/v2\/media?parent=6"}],"curies":[{"name":"wp","href":"https:\/\/api.w.org\/{rel}","templated":true}]}}