{"id":3043,"date":"2024-10-22T09:49:21","date_gmt":"2024-10-22T09:49:21","guid":{"rendered":"https:\/\/minddbe.mindd.dev\/?page_id=3043"},"modified":"2025-11-03T16:06:39","modified_gmt":"2025-11-03T16:06:39","slug":"mapa-strony","status":"publish","type":"page","link":"https:\/\/moetiknaardedokter.be\/pl\/mapa-strony\/","title":{"rendered":"Mapa strony"},"content":{"rendered":"\n<div class=\"wp-block-group has-global-padding is-layout-constrained wp-block-group-is-layout-constrained\">\n<h1 class=\"wp-block-heading alignwide has-text-align-center has-color-brand-dark-blue-500-color has-text-color has-link-color wp-elements-f7e5cc4b94a5dbf606d1c8f33dcd0422\">Mapa strony<\/h1>\n<\/div>\n\n\n\n<div class=\"wp-block-group has-global-padding is-layout-constrained wp-block-group-is-layout-constrained\">\n<ul class=\"wp-block-list\">\n<li><a href=\"https:\/\/moetiknaardedokter.be\/pl\/czym-jest-aplikacja-czy-musze-isc-do-lekarza\/\">O nas<\/a><\/li>\n\n\n\n<li><a href=\"https:\/\/moetiknaardedokter.be\/pl\/historia-aplikacji-czy-musze-isc-do-lekarza\/\">Historia aplikacji \u201eCzy musz\u0119 i\u015b\u0107 do lekarza?\u201d<\/a><\/li>\n<\/ul>\n<\/div>\n","protected":false},"excerpt":{"rendered":"<p>Mapa strony<\/p>\n","protected":false},"author":1,"featured_media":0,"parent":0,"menu_order":0,"comment_status":"closed","ping_status":"closed","template":"wp-custom-template-page-patient","meta":{"_acf_changed":false,"_trash_the_other_posts":false,"editor_notices":[],"footnotes":""},"class_list":["post-3043","page","type-page","status-publish","hentry"],"acf":[],"mb":[],"mfb_rest_fields":["title"],"_links":{"self":[{"href":"https:\/\/moetiknaardedokter.be\/pl\/wp-json\/wp\/v2\/pages\/3043","targetHints":{"allow":["GET"]}}],"collection":[{"href":"https:\/\/moetiknaardedokter.be\/pl\/wp-json\/wp\/v2\/pages"}],"about":[{"href":"https:\/\/moetiknaardedokter.be\/pl\/wp-json\/wp\/v2\/types\/page"}],"author":[{"embeddable":true,"href":"https:\/\/moetiknaardedokter.be\/pl\/wp-json\/wp\/v2\/users\/1"}],"replies":[{"embeddable":true,"href":"https:\/\/moetiknaardedokter.be\/pl\/wp-json\/wp\/v2\/comments?post=3043"}],"version-history":[{"count":4,"href":"https:\/\/moetiknaardedokter.be\/pl\/wp-json\/wp\/v2\/pages\/3043\/revisions"}],"predecessor-version":[{"id":340691,"href":"https:\/\/moetiknaardedokter.be\/pl\/wp-json\/wp\/v2\/pages\/3043\/revisions\/340691"}],"wp:attachment":[{"href":"https:\/\/moetiknaardedokter.be\/pl\/wp-json\/wp\/v2\/media?parent=3043"}],"curies":[{"name":"wp","href":"https:\/\/api.w.org\/{rel}","templated":true}]}}