{"id":6,"date":"2024-03-20T11:22:11","date_gmt":"2024-03-20T11:22:11","guid":{"rendered":"https:\/\/minddbe.mindd.dev\/?page_id=6"},"modified":"2026-04-24T11:20:34","modified_gmt":"2026-04-24T11:20:34","slug":"strona-glowna","status":"publish","type":"page","link":"https:\/\/moetiknaardedokter.be\/pl\/","title":{"rendered":"Strona g\u0142\u00f3wna"},"content":{"rendered":"\n<div class=\"wp-block-group alignfull widget-container has-global-padding is-layout-constrained wp-container-core-group-is-layout-59107544 wp-block-group-is-layout-constrained has-background\" style=\"margin-top:0;margin-bottom:0;padding-top:var(--wp--preset--spacing--panel-spacing);padding-bottom:var(--wp--preset--spacing--panel-spacing);background-image:url(&apos;https:\/\/moetiknaardedokter.be\/wp-content\/uploads\/2025\/01\/MoetIkNaarDeDokter_achtergrond2_RGB.png&apos;);background-size:cover;\">\n<div class=\"wp-block-columns alignwide is-layout-flex wp-container-core-columns-is-layout-04e9168f wp-block-columns-is-layout-flex\" style=\"padding-top:var(--wp--preset--spacing--large)\">\n<div class=\"wp-block-column is-vertically-aligned-top selftriage-widget has-white-background-color has-background is-layout-flow wp-block-column-is-layout-flow\" style=\"flex-basis:66%\">\t\t\t<div class=\"mindd-widget wp-block-mindd-selftriage-widget\" id=\"mindd_widget_embedded_83cedb4a-6ab9-4eaf-9902-006831cd5f86\" data-apikey=\"IRS7f8SaFPyrdeGnIAbnXgKyaTNEdwS\/\" data-language=\"PL\" data-showwelcometext=\"false\" data-type=\"widget\" >\n\t\t\t\t\t<\/div>\n\t<\/div>\n\n\n\n<div class=\"wp-block-column is-vertically-aligned-center is-layout-flow wp-block-column-is-layout-flow\" style=\"padding-top:0;flex-basis:33%\">\n<h1 class=\"wp-block-heading alignwide home__h1 has-white-color has-text-color has-link-color wp-elements-2ac2decb4252e1d4678d57eaac9c2eb0\" style=\"margin-top:0;margin-bottom:var(--wp--preset--spacing--small);padding-top:0;line-height:1\">Potrzebujesz natychmiastowej porady?<\/h1>\n\n\n\n<p class=\"has-white-color has-text-color has-link-color wp-elements-1014cd22657fdfe4f6943a46872ec7d7\" style=\"margin-top:0;line-height:2\">Czy chcesz otrzyma\u0107 natychmiastow\u0105 porad\u0119? A mo\u017ce chcesz wiedzie\u0107, co mo\u017cesz teraz zrobi\u0107 ze swoimi objawami? Odpowiedz na kilka kr\u00f3tkich pyta\u0144.<\/p>\n\n\n\n<div class=\"wp-block-group has-global-padding is-layout-constrained wp-block-group-is-layout-constrained\">\n<div class=\"wp-block-columns is-not-stacked-on-mobile wp-container-content-9cfa9a5a is-layout-flex wp-container-core-columns-is-layout-5435abb2 wp-block-columns-is-layout-flex\" style=\"margin-top:0;margin-bottom:0\">\n<div class=\"wp-block-column is-vertically-aligned-top has-border-color has-white-50-border-color has-color-brand-dark-blue-300-background-color has-background has-global-padding is-layout-constrained wp-container-core-column-is-layout-9a4c8acf wp-block-column-is-layout-constrained\" style=\"border-style:solid;border-width:1px;border-radius:5px;padding-top:var(--wp--preset--spacing--small);padding-right:var(--wp--preset--spacing--small);padding-bottom:var(--wp--preset--spacing--small);padding-left:var(--wp--preset--spacing--small);flex-basis:20px\">\n<figure class=\"wp-block-image size-full is-resized is-style-default\"><img decoding=\"async\" src=\"https:\/\/moetiknaardedokter.be\/wp-content\/uploads\/2025\/01\/editor_choice_24dp_FFFFFF_FILL0_wght400_GRAD0_opsz24.svg\" alt=\"\" class=\"wp-image-339657\" style=\"width:20px;height:auto\"\/><\/figure>\n<\/div>\n\n\n\n<div class=\"wp-block-column is-vertically-aligned-stretch is-layout-flow wp-block-column-is-layout-flow\" style=\"padding-top:0;padding-right:0;padding-bottom:0;padding-left:0;flex-basis:100%\">\n<p class=\"has-white-color has-text-color has-link-color has-small-font-size wp-elements-39c7f31134f0ff1852103f893a47cbb4\" style=\"margin-top:0;margin-bottom:var(--wp--preset--spacing--extra-small)\"><strong>Wiarygodna porada<\/strong><\/p>\n\n\n\n<p class=\"has-white-color has-text-color has-link-color has-small-font-size wp-elements-81199e9d547f456b2e9bd6fc957fa08c\" style=\"margin-top:0;margin-right:0;margin-bottom:0;margin-left:0;padding-top:0;padding-right:0;padding-bottom:0;padding-left:0\">Nasza autodiagnoza zosta\u0142a starannie opracowana przez zesp\u00f3\u0142 specjalist\u00f3w i zweryfikowana przez nasz\u0105 Rad\u0119 Medyczn\u0105.\n\n    <\/p>\n<\/div>\n<\/div>\n<\/div>\n\n\n\n<div class=\"wp-block-group has-global-padding is-layout-constrained wp-block-group-is-layout-constrained\">\n<div class=\"wp-block-columns is-not-stacked-on-mobile wp-container-content-9cfa9a5a is-layout-flex wp-container-core-columns-is-layout-5435abb2 wp-block-columns-is-layout-flex\" style=\"margin-top:0;margin-bottom:0\">\n<div class=\"wp-block-column is-vertically-aligned-top has-border-color has-white-50-border-color has-color-brand-dark-blue-300-background-color has-background has-global-padding is-layout-constrained wp-container-core-column-is-layout-9a4c8acf wp-block-column-is-layout-constrained\" style=\"border-style:solid;border-width:1px;border-radius:5px;padding-top:var(--wp--preset--spacing--small);padding-right:var(--wp--preset--spacing--small);padding-bottom:var(--wp--preset--spacing--small);padding-left:var(--wp--preset--spacing--small);flex-basis:20px\">\n<figure class=\"wp-block-image size-full is-resized is-style-default\"><img decoding=\"async\" src=\"https:\/\/moetiknaardedokter.be\/wp-content\/uploads\/2025\/01\/medical_information_24dp_FFFFFF_FILL0_wght400_GRAD0_opsz24.svg\" alt=\"\" class=\"wp-image-339659\" style=\"width:20px;height:auto\"\/><\/figure>\n<\/div>\n\n\n\n<div class=\"wp-block-column is-vertically-aligned-stretch is-layout-flow wp-block-column-is-layout-flow\" style=\"padding-top:0;padding-right:0;padding-bottom:0;padding-left:0;flex-basis:100%\">\n<p class=\"has-white-color has-text-color has-link-color has-small-font-size wp-elements-b42af6985e23bbd912c1b004e26ae52a\" style=\"margin-top:0;margin-bottom:var(--wp--preset--spacing--extra-small)\"><strong>Indywidualna porada<\/strong><\/p>\n\n\n\n<p class=\"has-white-color has-text-color has-link-color has-small-font-size wp-elements-0f7eab32e5766efc10528e52717f388e\" style=\"margin-top:0;margin-right:0;margin-bottom:0;margin-left:0;padding-top:0;padding-right:0;padding-bottom:0;padding-left:0\">Udzielamy natychmiastowej porady dotycz\u0105cej niezb\u0119dnej opieki w przypadku twoich objaw\u00f3w.<\/p>\n<\/div>\n<\/div>\n<\/div>\n\n\n\n<div class=\"wp-block-group has-global-padding is-layout-constrained wp-block-group-is-layout-constrained\">\n<div class=\"wp-block-columns is-not-stacked-on-mobile wp-container-content-9cfa9a5a is-layout-flex wp-container-core-columns-is-layout-5435abb2 wp-block-columns-is-layout-flex\" style=\"margin-top:0;margin-bottom:0\">\n<div class=\"wp-block-column is-vertically-aligned-top has-border-color has-white-50-border-color has-color-brand-dark-blue-300-background-color has-background has-global-padding is-layout-constrained wp-container-core-column-is-layout-9a4c8acf wp-block-column-is-layout-constrained\" style=\"border-style:solid;border-width:1px;border-radius:5px;padding-top:var(--wp--preset--spacing--small);padding-right:var(--wp--preset--spacing--small);padding-bottom:var(--wp--preset--spacing--small);padding-left:var(--wp--preset--spacing--small);flex-basis:20px\">\n<figure class=\"wp-block-image size-full is-resized is-style-default\"><img decoding=\"async\" src=\"https:\/\/moetiknaardedokter.be\/wp-content\/uploads\/2025\/01\/person_24dp_FFFFFF_FILL0_wght400_GRAD0_opsz24.svg\" alt=\"\" class=\"wp-image-339658\" style=\"width:20px;height:auto\"\/><\/figure>\n<\/div>\n\n\n\n<div class=\"wp-block-column is-vertically-aligned-stretch is-layout-flow wp-block-column-is-layout-flow\" style=\"padding-top:0;padding-right:0;padding-bottom:0;padding-left:0;flex-basis:100%\">\n<p class=\"has-white-color has-text-color has-link-color has-small-font-size wp-elements-9b2e322e73bedc7685205ada5c270d6e\" style=\"margin-top:0;margin-bottom:var(--wp--preset--spacing--extra-small)\"><strong>Porada dotycz\u0105ca samodzielnej opieki<\/strong><\/p>\n\n\n\n<p class=\"has-white-color has-text-color has-link-color has-small-font-size wp-elements-182b5166b4740f6073e07b261cffaf5a\" style=\"margin-top:0;margin-right:0;margin-bottom:0;margin-left:0;padding-top:0;padding-right:0;padding-bottom:0;padding-left:0\">Aby z\u0142agodzi\u0107 objawy, od razu powiemy Ci, co mo\u017cesz zrobi\u0107.<\/p>\n<\/div>\n<\/div>\n<\/div>\n<\/div>\n<\/div>\n<\/div>\n","protected":false},"excerpt":{"rendered":"<p>Potrzebujesz natychmiastowej porady? Czy chcesz otrzyma\u0107 natychmiastow\u0105 porad\u0119? A mo\u017ce chcesz wiedzie\u0107, co mo\u017cesz teraz zrobi\u0107 ze swoimi objawami? Odpowiedz na kilka kr\u00f3tkich pyta\u0144. Wiarygodna porada Nasza autodiagnoza zosta\u0142a starannie opracowana przez zesp\u00f3\u0142 specjalist\u00f3w i zweryfikowana przez nasz\u0105 Rad\u0119 Medyczn\u0105. Indywidualna porada Udzielamy natychmiastowej porady dotycz\u0105cej niezb\u0119dnej opieki w przypadku twoich objaw\u00f3w. Porada dotycz\u0105ca samodzielnej [&hellip;]<\/p>\n","protected":false},"author":1,"featured_media":0,"parent":0,"menu_order":0,"comment_status":"closed","ping_status":"closed","template":"wp-custom-template-homepage-patients","meta":{"_acf_changed":false,"_trash_the_other_posts":false,"editor_notices":[],"footnotes":""},"class_list":["post-6","page","type-page","status-publish","hentry"],"acf":[],"mb":[],"mfb_rest_fields":["title"],"_links":{"self":[{"href":"https:\/\/moetiknaardedokter.be\/pl\/wp-json\/wp\/v2\/pages\/6","targetHints":{"allow":["GET"]}}],"collection":[{"href":"https:\/\/moetiknaardedokter.be\/pl\/wp-json\/wp\/v2\/pages"}],"about":[{"href":"https:\/\/moetiknaardedokter.be\/pl\/wp-json\/wp\/v2\/types\/page"}],"author":[{"embeddable":true,"href":"https:\/\/moetiknaardedokter.be\/pl\/wp-json\/wp\/v2\/users\/1"}],"replies":[{"embeddable":true,"href":"https:\/\/moetiknaardedokter.be\/pl\/wp-json\/wp\/v2\/comments?post=6"}],"version-history":[{"count":363,"href":"https:\/\/moetiknaardedokter.be\/pl\/wp-json\/wp\/v2\/pages\/6\/revisions"}],"predecessor-version":[{"id":340698,"href":"https:\/\/moetiknaardedokter.be\/pl\/wp-json\/wp\/v2\/pages\/6\/revisions\/340698"}],"wp:attachment":[{"href":"https:\/\/moetiknaardedokter.be\/pl\/wp-json\/wp\/v2\/media?parent=6"}],"curies":[{"name":"wp","href":"https:\/\/api.w.org\/{rel}","templated":true}]}}