{"id":340539,"date":"2025-02-19T13:04:04","date_gmt":"2025-02-19T13:04:04","guid":{"rendered":"https:\/\/minddbe.mindd.dev\/english\/?page_id=340539"},"modified":"2025-03-20T11:18:10","modified_gmt":"2025-03-20T11:18:10","slug":"doktora-gitmeli-miyim","status":"publish","type":"page","link":"https:\/\/moetiknaardedokter.be\/tr\/doktora-gitmeli-miyim\/","title":{"rendered":"Doktora gitmeli miyim?"},"content":{"rendered":"\n<div class=\"wp-block-group has-global-padding is-layout-constrained wp-block-group-is-layout-constrained\"><h1 class=\"has-text-align-center has-link-color alignwide wp-elements-7c86187bfe1c71d5e97aa1e9fc0c8fdf wp-block-post-title has-text-color has-color-brand-dark-blue-500-color\">Doktora gitmeli miyim?<\/h1>\n\n\n<p class=\"has-text-align-left has-intro-font-size\" style=\"line-height:1.52\"><em>Moet ik naar de dokter?<\/em>&nbsp;ya\u015f\u0131n\u0131z\u0131, cinsiyetinizi ve bulgular\u0131n\u0131z\u0131 dikkate alarak doktora gidip gitmeyece\u011finizi, gidecekseniz de ne zaman gidece\u011finizi belirler. Kolay, g\u00fcvenli ve tez.<\/p>\n<\/div>\n\n\n\n<div class=\"wp-block-group has-global-padding is-layout-constrained wp-container-core-group-is-layout-12243e0f wp-block-group-is-layout-constrained\">\n<div class=\"wp-block-group has-global-padding is-layout-constrained wp-block-group-is-layout-constrained\">\n<div class=\"wp-block-group alignwide is-layout-flow wp-block-group-is-layout-flow\">\n<h2 class=\"wp-block-heading\">Bilginin g\u00fcvenilirlik derecesi nedir?<\/h2>\n\n\n\n<p><em>Doktora gitmeli miyim?<\/em>&nbsp;sorular\u0131 ve tavsiyeleri mevcut t\u0131bbi standartlara ve protokollere dayanmaktad\u0131r. T\u00fcm sorular ve tavsiyeler, triyaj uzmanlar\u0131ndan olu\u015fan ekibimiz taraf\u0131ndan \u00f6zenle olu\u015fturulmu\u015ftur. Doktora gitmeli miyim sorular\u0131 ve tavsiyeleri mevcut t\u0131bbi standartlara ve protokollere dayanmaktad\u0131r. T\u00fcm sorular ve tavsiyeler, triyaj uzmanlar\u0131ndan olu\u015fan ekibimiz taraf\u0131ndan \u00f6zenle olu\u015fturulmu\u015ftur. Ayr\u0131ca&nbsp;<em>Doktora gitmeli miyim?<\/em>&nbsp;Hollanda\u2019da CE i\u015fareti alan ilk t\u0131bbi uygulamad\u0131r. CE i\u015fareti, \u00fcr\u00fcn\u00fcn ge\u00e7erli t\u00fcm Avrupa (g\u00fcvenlik) y\u00f6netmeliklerine uygun oldu\u011funu ve uygunluk ve uygunluk prosed\u00fcrlerinin tamamland\u0131\u011f\u0131n\u0131 g\u00f6sterir.<\/p>\n\n\n\n<h2 class=\"wp-block-heading\">Hedef nedir?<\/h2>\n\n\n\n<p><em>Doktora gitmeli miyim?<\/em>&nbsp;insanlar\u0131n kendi sa\u011fl\u0131klar\u0131 i\u00e7in sorumluluk almalar\u0131na yard\u0131mc\u0131 olur. Doktora gidenlerin %42\u2019sinden fazlas\u0131n\u0131n asl\u0131nda oraya gitmesine hi\u00e7 gerek yoktur.&nbsp;<em>Doktora gitmeli miyim?<\/em>&nbsp;bu insanlardan baz\u0131lar\u0131na g\u00fcven verebilir ve onlara g\u00fcvenilir tavsiyeler verebiliriz. Bu sayede sa\u011fl\u0131k hizmetlerindeki i\u015f y\u00fck\u00fcn\u00fcn azalt\u0131lmas\u0131na ve maliyetlerden tasarruf edilmesine yard\u0131mc\u0131 oluyoruz. Do\u011fru yerde do\u011fru bak\u0131m (JZOJP).<\/p>\n\n\n\n<h2 class=\"wp-block-heading\">Aile hekimleri i\u00e7in ne yap\u0131yoruz?<\/h2>\n\n\n\n<p>GP istasyonlar\u0131n\u0131 ve GP uygulamalar\u0131n\u0131 kullanma&nbsp;<em>Doktora gitmeli miyim?<\/em>&nbsp;i\u015f y\u00fck\u00fcn\u00fc azaltmak i\u00e7in. Bu, \u00f6rne\u011fin, dijital kendi kendine triyaj\u0131m\u0131z\u0131 web sitelerinde sunarak veya b\u00f6lgesel GP uygulamas\u0131nda kullan\u0131ma sunarak yap\u0131l\u0131r. Hastalar, aramadan \u00f6nce sorular\u0131 dijital olarak kendileri incelemeye te\u015fvik edilir. Bu, telefondaki i\u015f y\u00fck\u00fcnden tasarruf sa\u011flar ve birinci basamakta hasta ak\u0131\u015flar\u0131n\u0131n verimli \u00e7al\u0131\u015fmas\u0131 i\u00e7in yeni f\u0131rsatlar sunar.<\/p>\n<\/div>\n<\/div>\n<\/div>\n","protected":false},"excerpt":{"rendered":"<p>Moet ik naar de dokter?&nbsp;ya\u015f\u0131n\u0131z\u0131, cinsiyetinizi ve bulgular\u0131n\u0131z\u0131 dikkate alarak doktora gidip gitmeyece\u011finizi, gidecekseniz de ne zaman gidece\u011finizi belirler. Kolay, g\u00fcvenli ve tez. Bilginin g\u00fcvenilirlik derecesi nedir? Doktora gitmeli miyim?&nbsp;sorular\u0131 ve tavsiyeleri mevcut t\u0131bbi standartlara ve protokollere dayanmaktad\u0131r. T\u00fcm sorular ve tavsiyeler, triyaj uzmanlar\u0131ndan olu\u015fan ekibimiz taraf\u0131ndan \u00f6zenle olu\u015fturulmu\u015ftur. Doktora gitmeli miyim sorular\u0131 ve tavsiyeleri [&hellip;]<\/p>\n","protected":false},"author":1,"featured_media":0,"parent":0,"menu_order":0,"comment_status":"closed","ping_status":"closed","template":"wp-custom-template-page-patient","meta":{"_acf_changed":false,"_trash_the_other_posts":false,"editor_notices":[],"footnotes":""},"class_list":["post-340539","page","type-page","status-publish","hentry"],"acf":[],"mb":[],"mfb_rest_fields":["title"],"_links":{"self":[{"href":"https:\/\/moetiknaardedokter.be\/tr\/wp-json\/wp\/v2\/pages\/340539","targetHints":{"allow":["GET"]}}],"collection":[{"href":"https:\/\/moetiknaardedokter.be\/tr\/wp-json\/wp\/v2\/pages"}],"about":[{"href":"https:\/\/moetiknaardedokter.be\/tr\/wp-json\/wp\/v2\/types\/page"}],"author":[{"embeddable":true,"href":"https:\/\/moetiknaardedokter.be\/tr\/wp-json\/wp\/v2\/users\/1"}],"replies":[{"embeddable":true,"href":"https:\/\/moetiknaardedokter.be\/tr\/wp-json\/wp\/v2\/comments?post=340539"}],"version-history":[{"count":5,"href":"https:\/\/moetiknaardedokter.be\/tr\/wp-json\/wp\/v2\/pages\/340539\/revisions"}],"predecessor-version":[{"id":340654,"href":"https:\/\/moetiknaardedokter.be\/tr\/wp-json\/wp\/v2\/pages\/340539\/revisions\/340654"}],"wp:attachment":[{"href":"https:\/\/moetiknaardedokter.be\/tr\/wp-json\/wp\/v2\/media?parent=340539"}],"curies":[{"name":"wp","href":"https:\/\/api.w.org\/{rel}","templated":true}]}}