{"id":6,"date":"2024-03-20T11:22:11","date_gmt":"2024-03-20T11:22:11","guid":{"rendered":"https:\/\/minddbe.mindd.dev\/?page_id=6"},"modified":"2026-04-24T11:22:58","modified_gmt":"2026-04-24T11:22:58","slug":"ana-sayfa","status":"publish","type":"page","link":"https:\/\/moetiknaardedokter.be\/tr\/","title":{"rendered":"Ana Sayfa"},"content":{"rendered":"\n<div class=\"wp-block-group alignfull widget-container has-global-padding is-layout-constrained wp-container-core-group-is-layout-59107544 wp-block-group-is-layout-constrained has-background\" style=\"margin-top:0;margin-bottom:0;padding-top:var(--wp--preset--spacing--panel-spacing);padding-bottom:var(--wp--preset--spacing--panel-spacing);background-image:url(&apos;https:\/\/moetiknaardedokter.be\/wp-content\/uploads\/2025\/01\/MoetIkNaarDeDokter_achtergrond2_RGB.png&apos;);background-size:cover;\">\n<div class=\"wp-block-columns alignwide is-layout-flex wp-container-core-columns-is-layout-04e9168f wp-block-columns-is-layout-flex\" style=\"padding-top:var(--wp--preset--spacing--large)\">\n<div class=\"wp-block-column is-vertically-aligned-top selftriage-widget has-white-background-color has-background is-layout-flow wp-block-column-is-layout-flow\" style=\"flex-basis:66%\">\t\t\t<div class=\"mindd-widget wp-block-mindd-selftriage-widget\" id=\"mindd_widget_embedded_f840e7ab-81c5-4f70-b85a-1ca87f599daf\" data-apikey=\"IRS7f8SaFPyrdeGnIAbnXgKyaTNEdwS\/\" data-language=\"TR\" data-showwelcometext=\"false\" data-type=\"widget\" >\n\t\t\t\t\t<\/div>\n\t<\/div>\n\n\n\n<div class=\"wp-block-column is-vertically-aligned-center is-layout-flow wp-block-column-is-layout-flow\" style=\"padding-top:0;flex-basis:33%\">\n<h1 class=\"wp-block-heading alignwide home__h1 has-white-color has-text-color has-link-color wp-elements-d3c71e9012e2ef98a9af42812255fec3\" style=\"margin-top:0;margin-bottom:var(--wp--preset--spacing--small);padding-top:0;line-height:1\">\n\t\t\t\tAcil tavsiyeye mi ihtiyac\u0131n\u0131z var?\n\t\t\t<\/h1>\n\n\n\n<p class=\"has-white-color has-text-color has-link-color wp-elements-aba97af84418c6a56de3a088a468ed78\" style=\"margin-top:0;line-height:2\">\n\t\t\t\tHemen tavsiye almak ister misiniz? Veya \u015fikayetlerinizle ilgili\n\t\t\t\t\u015fu anda ne yapabilece\u011finizi \u00f6\u011frenmek mi istiyorsunuz? Birka\u00e7\n\t\t\t\tk\u0131sa soruyu yan\u0131tlay\u0131n\n\t\t\t<\/p>\n\n\n\n<div class=\"wp-block-group has-global-padding is-layout-constrained wp-block-group-is-layout-constrained\">\n<div class=\"wp-block-columns is-not-stacked-on-mobile wp-container-content-9cfa9a5a is-layout-flex wp-container-core-columns-is-layout-5435abb2 wp-block-columns-is-layout-flex\" style=\"margin-top:0;margin-bottom:0\">\n<div class=\"wp-block-column is-vertically-aligned-top has-border-color has-white-50-border-color has-color-brand-dark-blue-300-background-color has-background has-global-padding is-layout-constrained wp-container-core-column-is-layout-9a4c8acf wp-block-column-is-layout-constrained\" style=\"border-style:solid;border-width:1px;border-radius:5px;padding-top:var(--wp--preset--spacing--small);padding-right:var(--wp--preset--spacing--small);padding-bottom:var(--wp--preset--spacing--small);padding-left:var(--wp--preset--spacing--small);flex-basis:20px\">\n<figure class=\"wp-block-image size-full is-resized is-style-default\"><img decoding=\"async\" src=\"https:\/\/moetiknaardedokter.be\/wp-content\/uploads\/2025\/01\/editor_choice_24dp_FFFFFF_FILL0_wght400_GRAD0_opsz24.svg\" alt=\"\" class=\"wp-image-339657\" style=\"width:20px;height:auto\"\/><\/figure>\n<\/div>\n\n\n\n<div class=\"wp-block-column is-vertically-aligned-stretch is-layout-flow wp-block-column-is-layout-flow\" style=\"padding-top:0;padding-right:0;padding-bottom:0;padding-left:0;flex-basis:100%\">\n<p class=\"has-white-color has-text-color has-link-color has-small-font-size wp-elements-d56a11073daea8e5acfc1a34a9496c36\" style=\"margin-top:0;margin-bottom:var(--wp--preset--spacing--extra-small)\"><p class=\"has-white-color has-text-color has-link-color has-small-font-size\" style=\"\n\t\t\t\t\t\t\t\tmargin-top: 0;\n\t\t\t\t\t\t\t\tmargin-bottom: var(\n\t\t\t\t\t\t\t\t\t--wp--preset--spacing--extra-small\n\t\t\t\t\t\t\t\t);\n\t\t\t\t\t\t\t\">\n\t\t\t\t\t\t\t<strong>G\u00fcvenilir tavsiye<\/strong>\n\t\t\t\t\t\t<\/p><\/p>\n\n\n\n<p class=\"has-white-color has-text-color has-link-color has-small-font-size wp-elements-e0ca3016e7f595332436de47eb39f958\" style=\"margin-top:0;margin-right:0;margin-bottom:0;margin-left:0;padding-top:0;padding-right:0;padding-bottom:0;padding-left:0\">\n\t\t\t\t\t\t\tKendi kendine triyaj sistemimiz, uzmanlardan olu\u015fan\n\t\t\t\t\t\t\tbir ekip taraf\u0131ndan titizlikle geli\u015ftirilmi\u015f ve\n\t\t\t\t\t\t\tT\u0131bbi Kurulumuz taraf\u0131ndan g\u00f6zden ge\u00e7irilmi\u015ftir.\n\t\t\t\t\t\t<\/p>\n<\/div>\n<\/div>\n<\/div>\n\n\n\n<div class=\"wp-block-group has-global-padding is-layout-constrained wp-block-group-is-layout-constrained\">\n<div class=\"wp-block-columns is-not-stacked-on-mobile wp-container-content-9cfa9a5a is-layout-flex wp-container-core-columns-is-layout-5435abb2 wp-block-columns-is-layout-flex\" style=\"margin-top:0;margin-bottom:0\">\n<div class=\"wp-block-column is-vertically-aligned-top has-border-color has-white-50-border-color has-color-brand-dark-blue-300-background-color has-background has-global-padding is-layout-constrained wp-container-core-column-is-layout-9a4c8acf wp-block-column-is-layout-constrained\" style=\"border-style:solid;border-width:1px;border-radius:5px;padding-top:var(--wp--preset--spacing--small);padding-right:var(--wp--preset--spacing--small);padding-bottom:var(--wp--preset--spacing--small);padding-left:var(--wp--preset--spacing--small);flex-basis:20px\">\n<figure class=\"wp-block-image size-full is-resized is-style-default\"><img decoding=\"async\" src=\"https:\/\/moetiknaardedokter.be\/wp-content\/uploads\/2025\/01\/medical_information_24dp_FFFFFF_FILL0_wght400_GRAD0_opsz24.svg\" alt=\"\" class=\"wp-image-339659\" style=\"width:20px;height:auto\"\/><\/figure>\n<\/div>\n\n\n\n<div class=\"wp-block-column is-vertically-aligned-stretch is-layout-flow wp-block-column-is-layout-flow\" style=\"padding-top:0;padding-right:0;padding-bottom:0;padding-left:0;flex-basis:100%\">\n<p class=\"has-white-color has-text-color has-link-color has-small-font-size wp-elements-d1392bb6757c91b3238a0da6b61689b2\" style=\"margin-top:0;margin-bottom:var(--wp--preset--spacing--extra-small)\"><p class=\"has-white-color has-text-color has-link-color has-small-font-size\" style=\"\n\t\t\t\t\t\t\t\tmargin-top: 0;\n\t\t\t\t\t\t\t\tmargin-bottom: var(\n\t\t\t\t\t\t\t\t\t--wp--preset--spacing--extra-small\n\t\t\t\t\t\t\t\t);\n\t\t\t\t\t\t\t\">\n\t\t\t\t\t\t\t<strong>Ki\u015fisel tavsiye<\/strong>\n\t\t\t\t\t\t<\/p><\/p>\n\n\n\n<p class=\"has-white-color has-text-color has-link-color has-small-font-size wp-elements-9a1f494dc5ff31c0fe0d2bc7762d40ca\" style=\"margin-top:0;margin-right:0;margin-bottom:0;margin-left:0;padding-top:0;padding-right:0;padding-bottom:0;padding-left:0\">\n\t\t\t\t\t\t\t\u015eikayetleriniz i\u00e7in gerekli olan bak\u0131m hakk\u0131nda size\n\t\t\t\t\t\t\themen tavsiyede bulunuyoruz.\n\t\t\t\t\t\t<\/p>\n<\/div>\n<\/div>\n<\/div>\n\n\n\n<div class=\"wp-block-group has-global-padding is-layout-constrained wp-block-group-is-layout-constrained\">\n<div class=\"wp-block-columns is-not-stacked-on-mobile wp-container-content-9cfa9a5a is-layout-flex wp-container-core-columns-is-layout-5435abb2 wp-block-columns-is-layout-flex\" style=\"margin-top:0;margin-bottom:0\">\n<div class=\"wp-block-column is-vertically-aligned-top has-border-color has-white-50-border-color has-color-brand-dark-blue-300-background-color has-background has-global-padding is-layout-constrained wp-container-core-column-is-layout-9a4c8acf wp-block-column-is-layout-constrained\" style=\"border-style:solid;border-width:1px;border-radius:5px;padding-top:var(--wp--preset--spacing--small);padding-right:var(--wp--preset--spacing--small);padding-bottom:var(--wp--preset--spacing--small);padding-left:var(--wp--preset--spacing--small);flex-basis:20px\">\n<figure class=\"wp-block-image size-full is-resized is-style-default\"><img decoding=\"async\" src=\"https:\/\/moetiknaardedokter.be\/wp-content\/uploads\/2025\/01\/person_24dp_FFFFFF_FILL0_wght400_GRAD0_opsz24.svg\" alt=\"\" class=\"wp-image-339658\" style=\"width:20px;height:auto\"\/><\/figure>\n<\/div>\n\n\n\n<div class=\"wp-block-column is-vertically-aligned-stretch is-layout-flow wp-block-column-is-layout-flow\" style=\"padding-top:0;padding-right:0;padding-bottom:0;padding-left:0;flex-basis:100%\">\n<p class=\"has-white-color has-text-color has-link-color has-small-font-size wp-elements-819fe931a7f38c7c9a61f5940c2114d0\" style=\"margin-top:0;margin-bottom:var(--wp--preset--spacing--extra-small)\"><p class=\"has-white-color has-text-color has-link-color has-small-font-size\" style=\"\n\t\t\t\t\t\t\t\tmargin-top: 0;\n\t\t\t\t\t\t\t\tmargin-bottom: var(\n\t\t\t\t\t\t\t\t\t--wp--preset--spacing--extra-small\n\t\t\t\t\t\t\t\t);\n\t\t\t\t\t\t\t\">\n\t\t\t\t\t\t\t<strong>Kendi kendine bak\u0131m tavsiyesi<\/strong>\n\t\t\t\t\t\t<\/p><\/p>\n\n\n\n<p class=\"has-white-color has-text-color has-link-color has-small-font-size wp-elements-a315fa38fef8a5e0dce8dba152f3d3cf\" style=\"margin-top:0;margin-right:0;margin-bottom:0;margin-left:0;padding-top:0;padding-right:0;padding-bottom:0;padding-left:0\">\n\t\t\t\t\t\t\t\u015eikayetlerinizi hafifletmek i\u00e7in hemen ne\n\t\t\t\t\t\t\tyapabilece\u011finizi size s\u00f6yleyece\u011fiz.\n\t\t\t\t\t\t<\/p>\n<\/div>\n<\/div>\n<\/div>\n<\/div>\n<\/div>\n<\/div>\n","protected":false},"excerpt":{"rendered":"<p>Acil tavsiyeye mi ihtiyac\u0131n\u0131z var? Hemen tavsiye almak ister misiniz? Veya \u015fikayetlerinizle ilgili \u015fu anda ne yapabilece\u011finizi \u00f6\u011frenmek mi istiyorsunuz? Birka\u00e7 k\u0131sa soruyu yan\u0131tlay\u0131n G\u00fcvenilir tavsiye Kendi kendine triyaj sistemimiz, uzmanlardan olu\u015fan bir ekip taraf\u0131ndan titizlikle geli\u015ftirilmi\u015f ve T\u0131bbi Kurulumuz taraf\u0131ndan g\u00f6zden ge\u00e7irilmi\u015ftir. Ki\u015fisel tavsiye \u015eikayetleriniz i\u00e7in gerekli olan bak\u0131m hakk\u0131nda size hemen tavsiyede bulunuyoruz. [&hellip;]<\/p>\n","protected":false},"author":1,"featured_media":0,"parent":0,"menu_order":0,"comment_status":"closed","ping_status":"closed","template":"wp-custom-template-homepage-patients","meta":{"_acf_changed":false,"_trash_the_other_posts":false,"editor_notices":[],"footnotes":""},"class_list":["post-6","page","type-page","status-publish","hentry"],"acf":[],"mb":[],"mfb_rest_fields":["title"],"_links":{"self":[{"href":"https:\/\/moetiknaardedokter.be\/tr\/wp-json\/wp\/v2\/pages\/6","targetHints":{"allow":["GET"]}}],"collection":[{"href":"https:\/\/moetiknaardedokter.be\/tr\/wp-json\/wp\/v2\/pages"}],"about":[{"href":"https:\/\/moetiknaardedokter.be\/tr\/wp-json\/wp\/v2\/types\/page"}],"author":[{"embeddable":true,"href":"https:\/\/moetiknaardedokter.be\/tr\/wp-json\/wp\/v2\/users\/1"}],"replies":[{"embeddable":true,"href":"https:\/\/moetiknaardedokter.be\/tr\/wp-json\/wp\/v2\/comments?post=6"}],"version-history":[{"count":361,"href":"https:\/\/moetiknaardedokter.be\/tr\/wp-json\/wp\/v2\/pages\/6\/revisions"}],"predecessor-version":[{"id":340687,"href":"https:\/\/moetiknaardedokter.be\/tr\/wp-json\/wp\/v2\/pages\/6\/revisions\/340687"}],"wp:attachment":[{"href":"https:\/\/moetiknaardedokter.be\/tr\/wp-json\/wp\/v2\/media?parent=6"}],"curies":[{"name":"wp","href":"https:\/\/api.w.org\/{rel}","templated":true}]}}